{"id":4421,"date":"2025-07-01T17:07:34","date_gmt":"2025-07-01T15:07:34","guid":{"rendered":"https:\/\/www.voceorgano.be\/?page_id=4421"},"modified":"2025-12-14T18:09:40","modified_gmt":"2025-12-14T17:09:40","slug":"experiencing-vibrations-with-buxtehude-2025","status":"publish","type":"page","link":"https:\/\/www.voceorgano.be\/nl\/experiencing-vibrations-with-buxtehude-2025\/","title":{"rendered":"Experiencing Vibrations with Buxtehude &#8211; 2025"},"content":{"rendered":"<div class=\"wpb-content-wrapper\"><p>[vc_row row_type=&#8221;parallax&#8221; parallax_content_width=&#8221;in_grid&#8221; text_align=&#8221;left&#8221; background_image=&#8221;4548&#8243; full_screen_section_height=&#8221;no&#8221; section_height=&#8221;400&#8243;][vc_column][\/vc_column][\/vc_row][vc_row css_animation=&#8221;&#8221; row_type=&#8221;row&#8221; use_row_as_full_screen_section=&#8221;no&#8221; type=&#8221;full_width&#8221; angled_section=&#8221;no&#8221; text_align=&#8221;left&#8221; background_image_as_pattern=&#8221;without_pattern&#8221;][vc_column][vc_empty_space][\/vc_column][\/vc_row][vc_row css_animation=&#8221;&#8221; row_type=&#8221;row&#8221; use_row_as_full_screen_section=&#8221;no&#8221; type=&#8221;grid&#8221; angled_section=&#8221;no&#8221; text_align=&#8221;left&#8221; background_image_as_pattern=&#8221;without_pattern&#8221; z_index=&#8221;&#8221;][vc_column width=&#8221;1\/4&#8243;][vc_single_image image=&#8221;4618&#8243; img_size=&#8221;full&#8221; onclick=&#8221;link_image&#8221; css=&#8221;&#8221; qode_css_animation=&#8221;&#8221;][vc_empty_space][vc_single_image image=&#8221;4493&#8243; img_size=&#8221;full&#8221; onclick=&#8221;link_image&#8221; css=&#8221;&#8221; qode_css_animation=&#8221;&#8221;][vc_empty_space][vc_column_text css=&#8221;&#8221;]<strong>Nimm von uns, Herr, du treuer Gott, BuxWV 207: Verse III&#8221; by Arnaud Van de Cauter.<\/strong><\/p>\n<p>&nbsp;<\/p>\n<!--[if lt IE 9]><script>document.createElement('audio');<\/script><![endif]-->\n<audio class=\"wp-audio-shortcode\" id=\"audio-4421-1\" preload=\"none\" style=\"width: 100%;\" controls=\"controls\"><source type=\"audio\/mpeg\" src=\"https:\/\/www.voceorgano.be\/wp-content\/uploads\/2025\/11\/11-Nimm-von-uns-Herr-du-treuer-Gott-BuxWV-207-Verse-III.mp3?_=1\" \/><a href=\"https:\/\/www.voceorgano.be\/wp-content\/uploads\/2025\/11\/11-Nimm-von-uns-Herr-du-treuer-Gott-BuxWV-207-Verse-III.mp3\">https:\/\/www.voceorgano.be\/wp-content\/uploads\/2025\/11\/11-Nimm-von-uns-Herr-du-treuer-Gott-BuxWV-207-Verse-III.mp3<\/a><\/audio>\n<p>&nbsp;<\/p>\n<p><strong>Ach Gott und Herr, BuxWV 177: Verse II&#8221; by Arnaud Van de Cauter.<\/strong><\/p>\n<p>&nbsp;<\/p>\n<audio class=\"wp-audio-shortcode\" id=\"audio-4421-2\" preload=\"none\" style=\"width: 100%;\" controls=\"controls\"><source type=\"audio\/mpeg\" src=\"https:\/\/www.voceorgano.be\/wp-content\/uploads\/2025\/11\/15-Ach-Gott-und-Herr-BuxWV-177-Verse-II.mp3?_=2\" \/><a href=\"https:\/\/www.voceorgano.be\/wp-content\/uploads\/2025\/11\/15-Ach-Gott-und-Herr-BuxWV-177-Verse-II.mp3\">https:\/\/www.voceorgano.be\/wp-content\/uploads\/2025\/11\/15-Ach-Gott-und-Herr-BuxWV-177-Verse-II.mp3<\/a><\/audio>\n<p>&nbsp;<\/p>\n<p><strong>Toccata in D Minor, BuxWV 155&#8243; by Arnaud Van de Cauter.<\/strong><\/p>\n<p>&nbsp;<\/p>\n<audio class=\"wp-audio-shortcode\" id=\"audio-4421-3\" preload=\"none\" style=\"width: 100%;\" controls=\"controls\"><source type=\"audio\/mpeg\" src=\"https:\/\/www.voceorgano.be\/wp-content\/uploads\/2025\/11\/17-Toccata-in-D-Minor-BuxWV-155.mp3?_=3\" \/><a href=\"https:\/\/www.voceorgano.be\/wp-content\/uploads\/2025\/11\/17-Toccata-in-D-Minor-BuxWV-155.mp3\">https:\/\/www.voceorgano.be\/wp-content\/uploads\/2025\/11\/17-Toccata-in-D-Minor-BuxWV-155.mp3<\/a><\/audio>\n<p>[\/vc_column_text][\/vc_column][vc_column width=&#8221;3\/4&#8243;][vc_column_text css=&#8221;&#8221;]<\/p>\n<h1>EXPERIENCING VIBRATIONS WITH BUXTEHUDE<\/h1>\n<p>&nbsp;<\/p>\n<h2><b>NIEUWE CD opname getekend Arnaud VAN DE CAUTER<\/b><\/h2>\n<h2><b>op het historische SCHNITGER orgel (1688) in Norden (D)<\/b><\/h2>\n<p><b>Werken voor orgel van <\/b><strong> Dietrich BUXTEHUDE <\/strong><strong>(1637-1707)<\/strong><\/p>\n<p>Paraty 202513<\/p>\n<p>Productie Voce et Organo vzw<\/p>\n<p><em>met de steun van Fonds patrimonium van de Koning Boudewijnstichting<\/em><\/p>\n<p>Programma van de CD <a href=\"https:\/\/www.voceorgano.be\/wp-content\/uploads\/2025\/09\/contenu-CD-Buxtehude.pdf\"><strong>hier\u00a0<\/strong><\/a><\/p>\n<p>Prijs: 20,00 \u20ac\u00a0 |\u00a0 Verzendkosten niet inbegrepen: 6,20 \u20ac voor Belgi\u00eb (maximum 2 CD&#8217;s)\u00a0 | 11,40 \u20ac voor de rest van Europa (meerdere CD&#8217;s mogelijk)[\/vc_column_text][vc_empty_space]<a  itemprop=\"url\" href=\"https:\/\/www.voceorgano.be\/nl\/tickets\/\" target=\"_self\"  class=\"qbutton  default\" style=\"\">BESTEL UW CD !<\/a>[vc_empty_space][vc_column_text css=&#8221;&#8221;]<\/p>\n<h2><strong>Wat ze erover zeggen&#8230;<\/strong><\/h2>\n<p>&nbsp;<\/p>\n<p><em>Ce Buxtehude respire libert\u00e9 et souplesse, hauteur et saine exaltation, toutes communicatives et bienfaisantes, rehauss\u00e9es d\u2019une mani\u00e8re intuitive et savante de faire sonner le Schnitger. (\u2026)<\/em><\/p>\n<p><em>La beaut\u00e9 du programme et son ordonnancement contribuent \u00e0 une sensation de constante pl\u00e9nitude, mais d\u00e9clin\u00e9e de mille et une fa\u00e7ons, qu\u2019il s\u2019agisse d\u2019un simple verset de choral ou d\u2019une pi\u00e8ce d\u2019apparat. De m\u00eame la divulgation de l\u2019alchimie des registrations, qui accompagne et \u00e9claire l\u2019\u00e9coute, met l\u2019accent sur un autre principe\u00a0: optimiser par l\u2019\u00e9conomie. \u00c0 condition, naturellement, d\u2019avoir sous les doigts une merveille comme le Schnitger de Norden, sans que l\u2019on puisse d\u00e9partager ce qui revient au ma\u00eetre du XVII<sup>e<\/sup>\u00a0et \u00e0 l\u2019harmonisation superlative de la r\u00e9surrection Ahrend. Un ou quelques jeux, c\u2019est assez pour un plein \u00e9panouissement du timbre, sans cesse reconfigur\u00e9, tout ici n\u2019\u00e9tant que richesse dans la diversit\u00e9.<\/em><\/p>\n<p><em>Arnaud Van de Cauter use avec parcimonie des mixtures, nombre de registrations d\u00e9cant\u00e9es suffisant \u00e0 apporter la lumi\u00e8re et la force requises, dialogue ininterrompu de plans sonores se r\u00e9pondant dans une vive continuit\u00e9. L\u2019impact des mixtures sur anches de p\u00e9dale est d\u2019autant plus saisissant lorsqu\u2019elles sont finalement sollicit\u00e9es. O\u00f9 l\u2019on note que m\u00eame dans les plus grands d\u00e9ploiements, sachant que l\u2019on ne peut accoupler\u00a0R\u00fcckpositiv\u00a0sur\u00a0Hauptwerk, mais seulement le troisi\u00e8me clavier, qui commande tant\u00f4t le\u00a0Brustpositiv, tant\u00f4t l\u2019Oberpositiv, ce ne sont qu\u2019une poign\u00e9e de jeux du\u00a0Hauptwerk\u00a0qui sont mis \u00e0 contribution, \u00e9ventuellement compl\u00e9t\u00e9s de mixtures et d\u2019anches de l\u2019un des plans sonores actionn\u00e9s par le troisi\u00e8me clavier. Une quinzaine de jeux pour une insurpassable pl\u00e9nitude.<\/em><\/p>\n<p><em>Il y a dans ce Buxtehude associant couleurs et ferveur une qualit\u00e9 et une densit\u00e9 si chaleureusement humaines qu\u2019elles exaltent de fait ce qu\u2019il y \u00ab\u00a0a de cr\u00e9atif, de beau et d\u2019\u00e9mouvant\u00a0\u00bb \u2013 et de grand. Tons de pourpre et d\u2019or annon\u00e7ant le temps de No\u00ebl, ou l\u2019\u00c9piphanie, comme dans le merveilleux\u00a0Wie sch\u00f6n leuchtet der Morgenstern. Un enchantement, cadeau r\u00eav\u00e9 des f\u00eates.<\/em><\/p>\n<p style=\"text-align: right;\"><strong>Michel Roubinet<\/strong> &#8211; de volledige tekst is te lezen op de website van<strong><a href=\"https:\/\/orgues-nouvelles.org\/dietrich-buxtehude-1637-1707\/\"> Orgues nouvelles<\/a>\u00a0<\/strong><\/p>\n<p>&nbsp;<\/p>\n<p><em>Als artiest en Somatic Experiencing\u00ae therapeut behartig ik de combinatie van psychosomatische praktijk met orgelmuziek. Hiermee wens ik deze muzikale openbaring van het in dieper contact komen met de vibrerende kracht van muziek, het in dieper contact komen met het Leven, samen te beleven en te delen. <\/em><em>In het hart van een voedende stroom zetten klanktrillingen de ruimte in beweging en raken lichaam, hart en ziel. Deze ervaringsgerichte\u00a0 benadering is humanistisch: in de wereld van vandaag hebben we meer dan ooit behoefte aan verbinding en het zich laven aan deze vibrerende kwaliteit. Het is een reis naar verstilling en verdieping in de hoop ons bewustzijn te verhogen, ja zelfs, innerlijke transformatie teweeg te brengen.<\/em><\/p>\n<p style=\"text-align: right;\">Arnaud Van de Cauter<\/p>\n<p style=\"text-align: right;\"><em>Organist en therapeute en Somatic Experiencing\u00ae<\/em><\/p>\n<p>&nbsp;<\/p>\n<h2><b>HET HISTORISCHE SCHNITGER ORGEL (1688) IN NORDEN<\/b><\/h2>\n<h2><strong> (Arp Schnitger 1688-1692)<\/strong><\/h2>\n<p><strong>\u00a0<\/strong><\/p>\n<p>Construire, entretenir ou restaurer un orgue a toujours relev\u00e9 du miracle.<\/p>\n<p>C\u2019est ce qui s\u2019est pass\u00e9 en l\u2019\u00e9glise St. Lugeri de Norden en 1688 lorsque, cette ann\u00e9e-l\u00e0, le c\u00e9l\u00e8bre facteur d\u2019orgues Arp Schnitger (1648-1719) y livre un nouvel orgue que, d\u00e8s 1692, il agrandit pour le porter jusqu\u2019\u00e0 5 plans sonores diff\u00e9renci\u00e9s avec 46 registres, ce qui en fait l\u2019orgue le plus grand de la r\u00e9gion.<\/p>\n<p>La disposition tr\u00e8s inhabituelle de l\u2019instrument sur une tribune \u00e0 la crois\u00e9e sud-est du transept lui conf\u00e8re une exceptionnelle disposition multi-spatiale. L\u2019Hauptwerk, le R\u00fcckpositiv et le Brustwerk sonnent en diagonale vers le transept nord. La tourelle de\u00a0 p\u00e9dale est dirig\u00e9e vers la nef. A l\u2019oppos\u00e9, l\u2019Oberpositif sonne vers le ch\u0153ur. Une prouesse \u00e0 la fois technologique, artistique et acoustique\u00a0: chacun des 5 plans sonores est distinctement audible partout dans l\u2019\u00e9glise.<\/p>\n<p>Au 19<sup>\u00e8me<\/sup> si\u00e8cle, l\u2019orgue de Norden souffre d\u2019une mise au go\u00fbt du jour puis, durant la premi\u00e8re guerre mondiale, il a perdu ses tuyaux de fa\u00e7ade. Dans les ann\u00e9es 1930 a lieu un premier mouvement vers une restauration et, cinquante ans plus tard, une restauration compl\u00e8te est lanc\u00e9e. Le retour \u00e0 la disposition, la m\u00e9canique et l\u2019harmonisation d\u2019origine avec reconstruction \u00e0 l\u2019identique des registres et tuyaux disparus est confi\u00e9e \u00e0 la firme J\u00fcrgen Ahrend (Leer-Loga). Les travaux durent de 1981 \u00e0 1985.<\/p>\n<p>Cette restauration n\u2019est pas seulement historique mais aussi et surtout artistique.<\/p>\n<p>Elle a rendu vie \u00e0 un chef d\u2019\u0153uvre de la facture d\u2019orgue du 17<sup>\u00e8me<\/sup> si\u00e8cle qui, par ses qualit\u00e9s sonores est un des t\u00e9moins les plus convainquants de la force vibratoire du 17<sup>\u00e8me<\/sup> si\u00e8cle en Allemagne du Nord. Une \u00e9poque o\u00f9 les rapports au temps, \u00e0 l\u2019espace et \u00e0 la nature \u00e9taient tout diff\u00e9rents d\u2019aujourd\u2019hui.<\/p>\n<p>Entendre cet orgue nous plonge dans un autre temps, dans une autre dimension, au c\u0153ur de ces riches et profondes vibrations qui nous connectent \u00e0 notre histoire, \u00e0 nos racines.<\/p>\n<p>&nbsp;<\/p>\n<p>&nbsp;<\/p>\n<h2><strong>OVER DIETRICH BUXTEHUDE<\/strong><\/h2>\n<p><strong>\u00a0<\/strong><\/p>\n<p><strong>Origines de l\u2019<em>\u00e9cole d\u2019Orgue baroque d\u2019Allemagne du nord<\/em><\/strong><\/p>\n<p>Dietrich Buxtehude (1637-1707) est, avant J.S. Bach, le ma\u00eetre le plus important de <em>l\u2019\u00e9cole d\u2019orgue baroque d\u2019Allemagne du Nord<\/em>. Ce mouvement esth\u00e9tique prend sa source \u00e0 Amsterdam, avec Jan Pieterszoon Sweelinck (1562-1621), \u00ab\u00a0<em>le faiseur<\/em> <em>d\u2019organistes hambourgeois<\/em>\u00a0\u00bb<a href=\"#_ftn1\" name=\"_ftnref1\">[1]<\/a>. En effet, de nombreux organistes d\u2019origine germanique partent se former \u00e0 Amsterdam puis reviennent s\u2019installer \u00e0 Hambourg o\u00f9 ils d\u00e9veloppent et transmettent \u00e0 leur tour le savoir-faire acquis \u00e0 Amsterdam.<\/p>\n<p>Parmi les organistes hambourgeois que Buxtehude a directement connus et c\u00f4toy\u00e9s, Heinrich Scheidemann tient une place de choix. \u00c9l\u00e8ve direct de Sweelinck, il fut organiste \u00e0 l\u2019\u00e9glise Sainte-Catherine d\u2019Hambourg jusqu\u2019\u00e0 son d\u00e9c\u00e8s, en 1663. Son \u00e9l\u00e8ve Adam Reincken, grand ami de Buxtehude, lui succ\u00e8de. Durant tout le 17<sup>\u00e8me<\/sup> si\u00e8cle, l\u2019\u00e9mulation entre ces organistes (et bien d\u2019autres encore) fut intense. Elle s\u2019inscrit directement dans la continuit\u00e9 de l\u2019enseignement de Sweelinck.<\/p>\n<p>&nbsp;<\/p>\n<p><strong>Tradition et modernit\u00e9<\/strong><\/p>\n<p>En ouverture de ce CD, le choral <em>Nun lob mein Seel <\/em>BuxWV212 est caract\u00e9ris\u00e9 par la pratique des \u00e9chos, pr\u00f4n\u00e9e par le ma\u00eetre d\u2019Amsterdam. L\u2019h\u00e9ritage de Sweelinck transparait par ailleurs \u00e0 bien d\u2019autres occasions dans l\u2019\u0153uvre de Buxtehude. Par exemple, les 2<sup>\u00e8me<\/sup> et 4<sup>\u00e8me<\/sup> versets du choral <em>Nimm von uns <\/em>BuxWV207, en <em>bicinium <\/em>(duo). Simultan\u00e9ment, Buxtehude \u00e9crit le 3<sup>\u00e8me<\/sup> verset du m\u00eame <em>Nimm von uns<\/em> dans un style tr\u00e8s sp\u00e9cifiquement allemand avec la m\u00e9lodie du choral orn\u00e9e au soprano accompagn\u00e9e par deux voix \u00e0 la main gauche et la basse \u00e0 la p\u00e9dale. Mais, surtout, le successeur de Franz Tunder au poste d\u2019organiste de l\u2019\u00e9glise Sainte-Marie de L\u00fcbeck porte \u00e0 son sommet les possibilit\u00e9s rh\u00e9toriques du style baroque d\u2019Allemagne du Nord. Tout particuli\u00e8rement dans les pr\u00e9ludes et toccatas. Au c\u0153ur de ces \u0153uvres s\u2019appliquent les r\u00e8gles de la rh\u00e9torique musicale. Les id\u00e9es musicales &#8211; tels des personnages autonomes &#8211; alternent, s\u2019opposent, dialoguent. Les <em>Affects<a href=\"#_ftn2\" name=\"_ftnref2\"><strong>[2]<\/strong><\/a><\/em> constituent la <em>prima materia<\/em> de l\u2019oeuvre qui se d\u00e9ploie et se transforme tout au long d\u2019un discours tr\u00e8s structur\u00e9. Par exemple, la Passacaille, avec ses quatre parties tout au long desquelles le th\u00e8me est r\u00e9p\u00e9t\u00e9 chaque fois sept fois pr\u00e9sente des caract\u00e9ristiques clairement symboliques, voire alchimiques.<\/p>\n<p>&nbsp;<\/p>\n<p><strong>Harmonie entre les orgues et l\u2019\u00e9criture pour orgue<\/strong><\/p>\n<p>La correspondance est parfaite entre l\u2019esth\u00e9tique sonore des orgues et l\u2019\u00e9criture musicale. Tout particuli\u00e8rement, avec ses 46 registres r\u00e9partis sur 3 claviers faisant parler 4 plans sonores manuels distincts<a href=\"#_ftn3\" name=\"_ftnref3\">[3]<\/a> auxquels s\u2019ajoute le p\u00e9dalier, l\u2019orgue de Norden colore de fa\u00e7on riche et vari\u00e9e le discours musical de Buxtehude. Et le rendu polyphonique toujours clair et distinct.<\/p>\n<p>&nbsp;<\/p>\n<p>Dans les pr\u00e9ludes et la toccata en r\u00e9, l\u2019\u00e9criture est tant\u00f4t libre (cf. les mesures d\u2019introduction ou certains passages de style r\u00e9citatif) alternant avec une \u00e9criture polyphonique, fugu\u00e9e et mesur\u00e9e. Certains passages pourraient avoir \u00e9t\u00e9 \u00e9crits tant\u00f4t pour consort de violes, tant\u00f4t pour un ensemble d\u2019instruments \u00e0 vent. Enfin, \u00e0 l\u2019image des drames humains et de leur r\u00e9solution tant esp\u00e9r\u00e9e, la r\u00e8gle est l\u2019alternance entre tensions et d\u00e9tentes (<em>arsis <\/em>et<em> thesis<\/em>).<\/p>\n<p>&nbsp;<\/p>\n<p><strong>Le temp\u00e9rament m\u00e9sotonique modifi\u00e9<\/strong><\/p>\n<p>L\u2019orgue de Norden est accord\u00e9 au temp\u00e9rament \u2018m\u00e9sotonique modifi\u00e9\u2019. Il permet d\u2019interpr\u00e9ter id\u00e9alement tous les chorals de Buxtehude et les pr\u00e9ludes et la toccata choisis pour cet enregistrement lui conviennent parfaitement. Compar\u00e9 au temp\u00e9rament m\u00e9sotonique strict, les tierces majeures sont un tout petit peu plus grandes et la \u2018quinte du loup\u2019 (entre sol di\u00e8se et mi b\u00e9mol) est l\u00e9g\u00e8rement compens\u00e9e. D\u00e8s lors, les alt\u00e9rations <em>la b\u00e9mol<\/em> et <em>r\u00e9 di\u00e8se<\/em> sont utilisables et nous pouvons consid\u00e9rer cet accord comme une \u00e9tape allant du m\u00e9sotonique vers l\u2019accord\u00a0temp\u00e9r\u00e9 que Buxtehude pr\u00f4nera progressivement.<\/p>\n<p>&nbsp;<\/p>\n<p>&nbsp;<\/p>\n<p><a href=\"#_ftnref1\" name=\"_ftn1\">[1]<\/a> J. Mattheson, <em>Grundlage einer Ehrenpforte, <\/em>Hambourg, 1740<\/p>\n<p><a href=\"#_ftnref2\" name=\"_ftn2\">[2]<\/a> Le mot <em>Affect<\/em> est souvent traduit en fran\u00e7ais par <em>\u00e9motion. <\/em>Mais ce terme d\u00e9signe en r\u00e9alit\u00e9 plus largement le caract\u00e8re intrins\u00e8que de chaque id\u00e9e musicale, de chaque \u2018personnage\u2019, avec ses caract\u00e9ristiques musicales, en tant qu\u2019entit\u00e9 autonome.<\/p>\n<p><a href=\"#_ftnref3\" name=\"_ftn3\">[3]<\/a> En fonction du choix de l\u2019organiste, le troisi\u00e8me clavier fait parler tant\u00f4t les tuyaux du Brustwerk, tant\u00f4t ceux de l\u2019Oberpositif. Soit quatre plans sonores actionn\u00e9s par seulement trois claviers.[\/vc_column_text][vc_row_inner row_type=&#8221;row&#8221; type=&#8221;full_width&#8221; text_align=&#8221;left&#8221; css_animation=&#8221;&#8221;][vc_column_inner width=&#8221;1\/2&#8243;][\/vc_column_inner][vc_column_inner width=&#8221;1\/2&#8243;][\/vc_column_inner][\/vc_row_inner][\/vc_column][\/vc_row][vc_row css_animation=&#8221;&#8221; row_type=&#8221;row&#8221; use_row_as_full_screen_section=&#8221;no&#8221; type=&#8221;full_width&#8221; angled_section=&#8221;no&#8221; text_align=&#8221;left&#8221; background_image_as_pattern=&#8221;without_pattern&#8221;][vc_column][vc_empty_space][\/vc_column][\/vc_row]<\/p>\n<\/div>","protected":false},"excerpt":{"rendered":"<p>[vc_row row_type=&#8221;parallax&#8221; parallax_content_width=&#8221;in_grid&#8221; text_align=&#8221;left&#8221; background_image=&#8221;4548&#8243; full_screen_section_height=&#8221;no&#8221; section_height=&#8221;400&#8243;][vc_column][\/vc_column][\/vc_row][vc_row css_animation=&#8221;&#8221; row_type=&#8221;row&#8221; use_row_as_full_screen_section=&#8221;no&#8221; type=&#8221;full_width&#8221; angled_section=&#8221;no&#8221; text_align=&#8221;left&#8221; background_image_as_pattern=&#8221;without_pattern&#8221;][vc_column][vc_empty_space][\/vc_column][\/vc_row][vc_row css_animation=&#8221;&#8221; row_type=&#8221;row&#8221; use_row_as_full_screen_section=&#8221;no&#8221; type=&#8221;grid&#8221; angled_section=&#8221;no&#8221; text_align=&#8221;left&#8221; background_image_as_pattern=&#8221;without_pattern&#8221; z_index=&#8221;&#8221;][vc_column width=&#8221;1\/4&#8243;][vc_single_image image=&#8221;4618&#8243; img_size=&#8221;full&#8221; onclick=&#8221;link_image&#8221; css=&#8221;&#8221; qode_css_animation=&#8221;&#8221;][vc_empty_space][vc_single_image image=&#8221;4493&#8243; img_size=&#8221;full&#8221; onclick=&#8221;link_image&#8221; css=&#8221;&#8221; qode_css_animation=&#8221;&#8221;][vc_empty_space][vc_column_text css=&#8221;&#8221;]Nimm von uns, Herr, du treuer Gott, BuxWV 207: Verse III&#8221; by&#8230;<\/p>\n","protected":false},"author":1,"featured_media":0,"parent":0,"menu_order":0,"comment_status":"closed","ping_status":"closed","template":"full_width.php","meta":{"footnotes":""},"class_list":["post-4421","page","type-page","status-publish","hentry"],"_links":{"self":[{"href":"https:\/\/www.voceorgano.be\/nl\/wp-json\/wp\/v2\/pages\/4421","targetHints":{"allow":["GET"]}}],"collection":[{"href":"https:\/\/www.voceorgano.be\/nl\/wp-json\/wp\/v2\/pages"}],"about":[{"href":"https:\/\/www.voceorgano.be\/nl\/wp-json\/wp\/v2\/types\/page"}],"author":[{"embeddable":true,"href":"https:\/\/www.voceorgano.be\/nl\/wp-json\/wp\/v2\/users\/1"}],"replies":[{"embeddable":true,"href":"https:\/\/www.voceorgano.be\/nl\/wp-json\/wp\/v2\/comments?post=4421"}],"version-history":[{"count":39,"href":"https:\/\/www.voceorgano.be\/nl\/wp-json\/wp\/v2\/pages\/4421\/revisions"}],"predecessor-version":[{"id":4777,"href":"https:\/\/www.voceorgano.be\/nl\/wp-json\/wp\/v2\/pages\/4421\/revisions\/4777"}],"wp:attachment":[{"href":"https:\/\/www.voceorgano.be\/nl\/wp-json\/wp\/v2\/media?parent=4421"}],"curies":[{"name":"wp","href":"https:\/\/api.w.org\/{rel}","templated":true}]}}