{"id":3514,"date":"2023-06-05T11:26:29","date_gmt":"2023-06-05T09:26:29","guid":{"rendered":"https:\/\/www.voceorgano.be\/?page_id=3514"},"modified":"2023-07-28T14:57:38","modified_gmt":"2023-07-28T12:57:38","slug":"programmatie-voce-et-organo-2023","status":"publish","type":"page","link":"https:\/\/www.voceorgano.be\/nl\/programmatie-voce-et-organo-2023\/","title":{"rendered":"Programmatie Voce et Organo 2023"},"content":{"rendered":"<div class=\"wpb-content-wrapper\"><p>[vc_row row_type=&#8221;parallax&#8221; parallax_content_width=&#8221;full_width&#8221; text_align=&#8221;left&#8221; background_image=&#8221;3501&#8243; full_screen_section_height=&#8221;no&#8221; section_height=&#8221;500&#8243;][vc_column][\/vc_column][\/vc_row][vc_row css_animation=&#8221;&#8221; row_type=&#8221;row&#8221; use_row_as_full_screen_section=&#8221;no&#8221; type=&#8221;grid&#8221; angled_section=&#8221;no&#8221; text_align=&#8221;left&#8221; background_image_as_pattern=&#8221;without_pattern&#8221; z_index=&#8221;&#8221;][vc_column][vc_empty_space][vc_column_text]<\/p>\n<h1>2023 : VOX ANGELI<\/h1>\n<p>[\/vc_column_text][vc_empty_space][vc_column_text]<\/p>\n<h2><strong>CONCERTEN OUDE MUZIEK<\/strong><\/h2>\n<h2><strong>&amp; INHULDIGING VAN HET GERESTAUREERD SCHYVEN ORGEL<\/strong><\/h2>\n<h2><strong>BRUSSEL &#8211; <\/strong><strong>OLV TER KAPELLEKERK<\/strong><\/h2>\n<p>[\/vc_column_text][vc_empty_space][vc_column_text]<\/p>\n<h2><\/h2>\n<p>&#8221; VOX ANGELI&#8221;, de stem van engelen, de hymne van de hemel, is precies waar Voce et Organo dit jaar uw oren mee gaat strelen! Vier momenten van gratie en verheffing, zachtheid die transformeert, zuiverheid en delicatesse van een teruggevonden paradijs.[\/vc_column_text][vc_empty_space][\/vc_column][\/vc_row][vc_row css_animation=&#8221;&#8221; row_type=&#8221;row&#8221; use_row_as_full_screen_section=&#8221;no&#8221; type=&#8221;grid&#8221; angled_section=&#8221;no&#8221; text_align=&#8221;left&#8221; background_image_as_pattern=&#8221;without_pattern&#8221; z_index=&#8221;&#8221;][vc_column width=&#8221;1\/4&#8243;][vc_column_text]<strong>06\/09\/2023 &#8211; 20u00<\/strong><\/p>\n<p>BRUSSEL<br \/>\nOLV ter Kapellekerk<\/p>\n<p><b>ENSEMBLE CELADON<\/b><\/p>\n<p><strong>MARTA GLIOZZI<\/strong>[\/vc_column_text][vc_empty_space]<a id=\"largeur100\" itemprop=\"url\" href=\"https:\/\/shop.utick.be\/?module=ACTIVITYSERIEDETAILS&amp;pos=VOCEETORGANO&amp;s=156618D9-D5B2-8CAD-1205-668A666A15CA&amp;lg=NL\" target=\"_self\"  class=\"qbutton  default\" style=\"\">TICKETS<\/a>[vc_empty_space height=&#8221;16px&#8221;]<a id=\"largeur100\" itemprop=\"url\" href=\"https:\/\/www.voceorgano.be\/nl\/tickets\/\" target=\"_self\" data-hover-background-color=#cc9900 data-hover-border-color=#cca530 data-hover-color=#000000 class=\"qbutton  default\" style=\"color: #000000; border-color: #000000; background-color: #cca530;\">LEDEN VOCE &amp; ORGANO<\/a>[\/vc_column][vc_column width=&#8221;1\/4&#8243;][vc_column_text]<strong>08\/09\/2023 &#8211; 20u00<\/strong><\/p>\n<p>BRUSSEL<br \/>\nOLV ter Kapellekerk<\/p>\n<p><b>ENSEMBLE PSALLENTES<\/b><\/p>\n<p><strong>ARNAUD VAN DE CAUTER\u00a0<\/strong>[\/vc_column_text][vc_empty_space]<a id=\"largeur100\" itemprop=\"url\" href=\"https:\/\/shop.utick.be\/?module=ACTIVITYSERIEDETAILS&amp;pos=VOCEETORGANO&amp;s=CA430508-D733-9479-F118-17CBBB204876&amp;lg=NL\" target=\"_self\"  class=\"qbutton  default\" style=\"\">TICKETS<\/a>[vc_empty_space height=&#8221;16px&#8221;]<a id=\"largeur100\" itemprop=\"url\" href=\"https:\/\/www.voceorgano.be\/nl\/tickets\/\" target=\"_self\" data-hover-background-color=#cc9900 data-hover-border-color=#cca530 data-hover-color=#000000 class=\"qbutton  default\" style=\"color: #000000; border-color: #000000; background-color: #cca530;\">LEDEN VOCE &amp; ORGANO<\/a>[\/vc_column][vc_column width=&#8221;1\/4&#8243;][vc_column_text]<strong>09\/09\/2023 &#8211; 16u00<\/strong><\/p>\n<p>BRUSSEL<br \/>\nOLV ter Kapellekerk<\/p>\n<p><b>LES PASTOUREAUX<\/b><\/p>\n<p><b>JORIS VERDIN<\/b>[\/vc_column_text][vc_empty_space]<a id=\"largeur100\" itemprop=\"url\" href=\"https:\/\/shop.utick.be\/?module=ACTIVITYSERIEDETAILS&amp;pos=VOCEETORGANO&amp;s=C72517BE-27AC-AA55-34C9-654E1988CE0C&amp;lg=NL\" target=\"_self\"  class=\"qbutton  default\" style=\"\">TICKETS<\/a>[vc_empty_space height=&#8221;16px&#8221;]<a id=\"largeur100\" itemprop=\"url\" href=\"https:\/\/www.voceorgano.be\/nl\/tickets\/\" target=\"_self\" data-hover-background-color=#cc9900 data-hover-border-color=#cca530 data-hover-color=#000000 class=\"qbutton  default\" style=\"color: #000000; border-color: #000000; background-color: #cca530;\">LEDEN VOCE &amp; ORGANO<\/a>[\/vc_column][vc_column width=&#8221;1\/4&#8243;][vc_column_text]<strong>14\/09\/2023 &#8211; 20u00<\/strong><\/p>\n<p>BRUSSEL<br \/>\nOLV ter Kapellekerk<\/p>\n<p><strong>I QUATTRO TEMPERAMENTI<\/strong><\/p>\n<p><b>BART JACOBS<\/b>[\/vc_column_text][vc_empty_space]<a id=\"largeur100\" itemprop=\"url\" href=\"https:\/\/shop.utick.be\/?module=ACTIVITYSERIEDETAILS&amp;pos=VOCEETORGANO&amp;s=B367EF94-0DD5-0F87-0B64-B30F77541673&amp;lg=NL\" target=\"_self\"  class=\"qbutton  default\" style=\"\">TICKETS<\/a>[vc_empty_space height=&#8221;16px&#8221;]<a id=\"largeur100\" itemprop=\"url\" href=\"https:\/\/www.voceorgano.be\/nl\/tickets\/\" target=\"_self\" data-hover-background-color=#cc9900 data-hover-border-color=#cca530 data-hover-color=#000000 class=\"qbutton  default\" style=\"color: #000000; border-color: #000000; background-color: #cca530;\">LEDEN VOCE &amp; ORGANO<\/a>[\/vc_column][\/vc_row][vc_row css_animation=&#8221;&#8221; row_type=&#8221;row&#8221; use_row_as_full_screen_section=&#8221;no&#8221; type=&#8221;grid&#8221; angled_section=&#8221;no&#8221; text_align=&#8221;left&#8221; background_image_as_pattern=&#8221;without_pattern&#8221; z_index=&#8221;&#8221;][vc_column][vc_empty_space][vc_separator type=&#8221;normal&#8221;][vc_empty_space][\/vc_column][\/vc_row][vc_row css_animation=&#8221;&#8221; row_type=&#8221;row&#8221; use_row_as_full_screen_section=&#8221;no&#8221; type=&#8221;grid&#8221; angled_section=&#8221;no&#8221; text_align=&#8221;left&#8221; background_image_as_pattern=&#8221;without_pattern&#8221; z_index=&#8221;&#8221;][vc_column width=&#8221;1\/2&#8243;][vc_single_image image=&#8221;3431&#8243; img_size=&#8221;350&#215;350&#8243; alignment=&#8221;center&#8221; style=&#8221;vc_box_circle_2&#8243; onclick=&#8221;link_image&#8221; qode_css_animation=&#8221;&#8221;][vc_empty_space height=&#8221;10px&#8221;][vc_single_image image=&#8221;1828&#8243; img_size=&#8221;350&#215;350&#8243; alignment=&#8221;center&#8221; style=&#8221;vc_box_circle_2&#8243; onclick=&#8221;link_image&#8221; qode_css_animation=&#8221;&#8221;][vc_empty_space height=&#8221;10px&#8221;][vc_single_image image=&#8221;3433&#8243; img_size=&#8221;350&#215;350&#8243; alignment=&#8221;center&#8221; style=&#8221;vc_box_circle_2&#8243; onclick=&#8221;link_image&#8221; qode_css_animation=&#8221;&#8221;][vc_empty_space height=&#8221;10px&#8221;][vc_empty_space height=&#8221;10px&#8221;][\/vc_column][vc_column width=&#8221;1\/2&#8243;][vc_column_text]<strong>&gt;&gt;&gt; <\/strong><strong>Woensdag 6\u00a0<\/strong><strong>september 2023<\/strong><\/p>\n<p><strong>20u00 <\/strong><\/p>\n<p><strong>OLV TER KAPELLEKERK<\/strong><\/p>\n<p><strong>Brussel<\/strong><\/p>\n<p>&nbsp;<\/p>\n<h1>DULCISSIME JESU<\/h1>\n<p>&nbsp;<\/p>\n<p><a href=\"https:\/\/www.ensemble-celadon.net\/\"><strong>Ensemble CELADON<\/strong><\/a><\/p>\n<p><strong><a href=\"https:\/\/www.paulin-bundgen.com\/\">Paulin BUNDGEN<\/a><\/strong> <strong>contratenor &amp; directie \u00a0<\/strong><\/p>\n<p><strong>Clara COUTOULY sopraan<\/strong><\/p>\n<p><strong>Nolwenn LE GUERN gamba<\/strong><\/p>\n<p><strong>Florent MARIE theorbe\u00a0<\/strong><\/p>\n<p><strong>Caroline HUYNH VAN XUAN <\/strong><strong>continuo orgel\u00a0<\/strong><\/p>\n<p><strong>Marta GLIOZZI orgel<\/strong><\/p>\n<p>&nbsp;<\/p>\n<p><em>Werken van <\/em><em>Kapsberger, Picchi, Monteverdi, Frescobaldi, Monferrato, Cima, Valente, Gabrieli, Cima, Storace<\/em><\/p>\n<p>&nbsp;<\/p>\n<p><em>Italiaanse sacrale Sonnetten en Motetten<\/em><\/p>\n<p>&nbsp;<\/p>\n<p>De opkomst van de macht van de katholieke kerk in Itali\u00eb, aan het begin van de XVII<sup>e<\/sup> eeuw, bevordert de opdrachtgeving van talrijke muziekstukken bestemd voor de religieuze eredienst. Elke kapel, elke religieuze instelling deed beroep op de grootste componisten uit zijn tijd en nam onder zijn vleugels een grote schare musici . Naast de triomfantelijke meesterwerken geschreven voor prinselijke of pauselijke kapellen (zoals de meerkorige werken van Gabrieli of natuurlijk Monteverdi&#8217;s Mariavespers), werden composities van meer bescheiden omvang gretig ge\u00ebist door de geestelijkheid en de adel, op zoek naar spiritueel vuur. Zo wijden de grootste componisten zich met passie aan de kunst van het model in reductie, dat hen niettemin een quasi totale expressieve vrijheid geeft: Monteverdi met zijn uitmuntende een- of tweestemmige motetten, zowel stralend als sensueel, zo verwant aan de muziekopera, Frescobaldi, met zijn theatrale madrigalen, of zelfs Monferrato, Picchi of Cima in sublieme en virtuoze motetten voor stem en continuo. Het is deze ultieme verbondenheid tussen componist en luisteraar die het C\u00e9ladon-ensemble u aanbiedt in een intimistische mysterieuze sfeer. Een clair-obscurconcert, een onderdompeling in mystiek en extase van geloof.<\/p>\n<p>En aan de solo-orgelpartij Napoli, Venezia, Milano, Roma en Messina: vijf invloedspolen van orgelmuziek in de XVI<sup>e<\/sup> en XVII<sup>e<\/sup> eeuw. Deze emblematische componisten drukten een stempel op hun tijd dzankzij hun moed, beheersing van het contrapunt, harmonische subtiliteit en hun virtuoze geestdrift.<\/p>\n<p>&nbsp;<\/p>\n<p>Scenografie en belichting : Jean DEFLANDRE[\/vc_column_text][vc_empty_space height=&#8221;10px&#8221;][vc_empty_space height=&#8221;10px&#8221;][vc_empty_space height=&#8221;10px&#8221;]<a  itemprop=\"url\" href=\"https:\/\/shop.utick.be\/?module=ACTIVITYSERIEDETAILS&amp;pos=VOCEETORGANO&amp;s=156618D9-D5B2-8CAD-1205-668A666A15CA&amp;lg=NL\" target=\"_self\"  class=\"qbutton  default\" style=\"\">TICKETS<\/a>[vc_empty_space height=&#8221;10px&#8221;][vc_empty_space height=&#8221;10px&#8221;][vc_empty_space height=&#8221;10px&#8221;][vc_column_text]LEDEN VAN DE VZW VOCE ET ORGANO: voorkeurstarief <strong><a href=\"https:\/\/www.voceorgano.be\/nl\/tickets\/\">hier<\/a><\/strong>[\/vc_column_text][vc_empty_space][\/vc_column][\/vc_row][vc_row css_animation=&#8221;&#8221; row_type=&#8221;row&#8221; use_row_as_full_screen_section=&#8221;no&#8221; type=&#8221;grid&#8221; angled_section=&#8221;no&#8221; text_align=&#8221;left&#8221; background_image_as_pattern=&#8221;without_pattern&#8221; z_index=&#8221;&#8221;][vc_column][vc_empty_space][vc_separator type=&#8221;normal&#8221;][vc_empty_space][\/vc_column][\/vc_row][vc_row css_animation=&#8221;&#8221; row_type=&#8221;row&#8221; use_row_as_full_screen_section=&#8221;no&#8221; type=&#8221;grid&#8221; angled_section=&#8221;no&#8221; text_align=&#8221;left&#8221; background_image_as_pattern=&#8221;without_pattern&#8221; z_index=&#8221;&#8221;][vc_column width=&#8221;1\/2&#8243;][vc_column_text]<strong>&gt;&gt;&gt; Vrijdag 8 september 2023<\/strong><\/p>\n<p><strong>20u00 <\/strong><\/p>\n<p><strong>OLV TER KAPELLEKERK<\/strong><\/p>\n<p><strong>Brussel<\/strong><\/p>\n<p>&nbsp;<\/p>\n<h1>VOX ANGELI &#8211; INHULDIGING VAN HET GERESTAUREERD SCHYVEN ORGEL (1)<\/h1>\n<p>&nbsp;<\/p>\n<p><a href=\"https:\/\/psallentes.com\/\"><b>ENSEMBLE PSALLENTES<\/b><\/a><\/p>\n<p><strong>Hendrik VANDENABEELE, directie<\/strong><\/p>\n<p><strong>Sarah ABRAMS &#8211; <\/strong><strong>Elisabeth COLSON &#8211; <\/strong><strong>Lisa DE RIJCKE\u00a0 &#8211; <\/strong><strong>Barbara SOMERS <\/strong><\/p>\n<p><strong>Sarah VAN MOL &#8211; <\/strong><strong>Kerlijne VAN NEVEL &#8211; <\/strong><strong>Veerle VAN ROOSBROECK<\/strong><\/p>\n<p><strong>Arnaud VAN DE CAUTER, orgel<\/strong>[\/vc_column_text][vc_empty_space height=&#8221;10px&#8221;][vc_empty_space height=&#8221;10px&#8221;][vc_column_text]<em>Codex Calixtinus <\/em><em>en werken van Cesar Franck, Alphonse Mailly, Joseph Jongen<\/em><\/p>\n<p>&nbsp;<\/p>\n<p>Jarenlang buiten adem, weerklonk het in 1890 gebouwde orgel van de Brusselse orgelbouwer Pierre Schyven sinds lang niet meer onder de gewelven van de OLV ter Kapellekerk. Des te gelukkiger zijn wij de inhuldiging van het orgel, gerestaureerd door Michel Jurine (F), aan te kondigen: het eerste concert heeft plaats op vrijdag 8 september 2023. Organist Arnaud Van de Cauter zal samen met het <em>Psallentes<\/em>-ensemble spelen geleid door Hendrik Vanden Abeele. Van <em>Psallentes<\/em> wordt al eens gezegd dat het is alsof er engelen zingen, maar deze keer mag je dat iets letterlijker nemen: de zeven zangeressen hebben \u2018engelenmuziek\u2019 gekozen die goed past bij Memlings <em>Zingende Engelen<\/em>. Omdat in de hemel tijd noch ruimte is, hoeft dat niet per se muziek uit de tijd van Memling te zijn. Er is muziek te horen uit de XII<sup>de<\/sup> eeuw (zoals de Codex Calixtinus), de XIV<sup>de<\/sup> eeuw (<em>Messe de Tournai<\/em>) tot de XIX<sup>de<\/sup> eeuw (<em>Abide with me<\/em>).<\/p>\n<p>De <em>cantus planus<\/em> wordt afgewisseld met werken voor orgel in pagina&#8217;s van Belgische componisten die de Belgische muziek tot ver buiten onze grenzen beroemd hebben gemaakt: Alphonse Mailly, C\u00e9sar Franck, Joseph Jongen.<\/p>\n<p>&nbsp;<\/p>\n<p>Scenografie en belichting\u00a0: Jean DEFLANDRE[\/vc_column_text][vc_empty_space height=&#8221;10px&#8221;][vc_empty_space height=&#8221;10px&#8221;][vc_empty_space height=&#8221;10px&#8221;]<a  itemprop=\"url\" href=\"https:\/\/shop.utick.be\/?module=ACTIVITYSERIEDETAILS&amp;pos=VOCEETORGANO&amp;s=CA430508-D733-9479-F118-17CBBB204876&amp;lg=NL\" target=\"_self\"  class=\"qbutton  default\" style=\"\">TICKETS<\/a>[vc_empty_space height=&#8221;10px&#8221;][vc_empty_space height=&#8221;10px&#8221;][vc_empty_space height=&#8221;10px&#8221;][vc_column_text]LEDEN VAN DE VZW VOCE ET ORGANO: voorkeurstarief<strong>\u00a0<a href=\"https:\/\/www.voceorgano.be\/nl\/tickets\/\">hier<\/a><\/strong>[\/vc_column_text][\/vc_column][vc_column width=&#8221;1\/2&#8243;][vc_single_image image=&#8221;1723&#8243; img_size=&#8221;350&#215;350&#8243; alignment=&#8221;center&#8221; style=&#8221;vc_box_circle_2&#8243; onclick=&#8221;link_image&#8221; qode_css_animation=&#8221;&#8221;][vc_empty_space height=&#8221;10px&#8221;][vc_single_image image=&#8221;1736&#8243; img_size=&#8221;350&#215;350&#8243; alignment=&#8221;center&#8221; style=&#8221;vc_box_circle_2&#8243; onclick=&#8221;link_image&#8221; qode_css_animation=&#8221;&#8221;][vc_empty_space height=&#8221;10px&#8221;][\/vc_column][\/vc_row][vc_row css_animation=&#8221;&#8221; row_type=&#8221;row&#8221; use_row_as_full_screen_section=&#8221;no&#8221; type=&#8221;grid&#8221; angled_section=&#8221;no&#8221; text_align=&#8221;left&#8221; background_image_as_pattern=&#8221;without_pattern&#8221; z_index=&#8221;&#8221;][vc_column][vc_empty_space][vc_separator type=&#8221;normal&#8221;][vc_empty_space][\/vc_column][\/vc_row][vc_row css_animation=&#8221;&#8221; row_type=&#8221;row&#8221; use_row_as_full_screen_section=&#8221;no&#8221; type=&#8221;grid&#8221; angled_section=&#8221;no&#8221; text_align=&#8221;left&#8221; background_image_as_pattern=&#8221;without_pattern&#8221; z_index=&#8221;&#8221;][vc_column width=&#8221;1\/2&#8243;][vc_single_image image=&#8221;3600&#8243; img_size=&#8221;350&#215;350&#8243; alignment=&#8221;center&#8221; style=&#8221;vc_box_circle_2&#8243; onclick=&#8221;link_image&#8221; qode_css_animation=&#8221;&#8221;][vc_empty_space][vc_single_image image=&#8221;3440&#8243; img_size=&#8221;350&#215;350&#8243; alignment=&#8221;center&#8221; style=&#8221;vc_box_circle_2&#8243; onclick=&#8221;link_image&#8221; qode_css_animation=&#8221;&#8221;][vc_empty_space][vc_single_image image=&#8221;2519&#8243; img_size=&#8221;350&#215;350&#8243; alignment=&#8221;center&#8221; style=&#8221;vc_box_circle_2&#8243; onclick=&#8221;link_image&#8221; qode_css_animation=&#8221;&#8221;][vc_empty_space][\/vc_column][vc_column width=&#8221;1\/2&#8243;][vc_column_text]<strong>&gt;&gt;&gt; Zaterdag 09 september 2023<\/strong><\/p>\n<p><strong>16u<\/strong><strong>00 <\/strong><\/p>\n<p><strong>OLV TER KAPELLEKERK<\/strong><strong> &#8211; Brussel\u00a0<\/strong><\/p>\n<p>&nbsp;<\/p>\n<h1>REQUIEM VAN FAURE &#8211; INHULDIGING VAN HET GERESTAUREERD SCHYVEN ORGEL (2)<\/h1>\n<p>&nbsp;<\/p>\n<p><a href=\"https:\/\/lespastoureaux.be\/fr\/les-pastoureaux\/\"><strong>ENSEMBLE LES PASTOUREAUX<\/strong><\/a><\/p>\n<p><strong>ORCHESTRE ACADEMIE DES ARTS<\/strong><\/p>\n<p><strong>Philippe FAVETTE directie<\/strong><\/p>\n<p><strong>Pascale DOSSOGNE orgel<\/strong><\/p>\n<p><strong><a href=\"https:\/\/www.jorisverdin.com\/\">Joris VERDIN<\/a> orgel<\/strong>[\/vc_column_text][vc_empty_space height=&#8221;40px&#8221;][vc_column_text]<em>Werken van <\/em><em>Gabriel Faur\u00e9, Alphonse Mailly, Joseph Callaerts, C\u00e9cile Chaminade, Oscar Van Durme<\/em><\/p>\n<p>&nbsp;<\/p>\n<p>Voor dit tweede openingsconcert van het gerestaureerde romantische Schyven-orgel staan \u200b\u200b61 musici op het podium, die voor deze gelegenheid het Requiem van Gabriel Faur\u00e9 zullen uitvoeren!<\/p>\n<p>Zij brengen voor U een bijzonder authentieke interpretatie, die dicht bij de eerste versie van zijn werk ligt. Het Requiem is oorspronkelijk gecomponeerd voor de Ma\u00eetrise, het kinderkoor van de Madeleinekerk in Parijs, waar Faur\u00e9 kapelmeester was, sober begeleid door een klein kamerorkest en enkele voorzangers voor mannenstem. Faur\u00e9 wilde uit het sombere repertoire van uitvaartdiensten stappen en een serene visie op de dood bieden in overeenstemming met de het begrip <em>requiem<\/em> (rust in het latijn). Maar zijn meesterwerk was zo succesvol dat hij zich genoodzaakt zag er een concertversie voor symfonieorkest van te maken, die tegenwoordig beter bekend is.<\/p>\n<p>Het koor <em>Les Pastoureaux<\/em> heeft een vocale kleur die zeer vergelijkbaar is met die van de Ma\u00eetrise, ideaal voor een getrouwe interpretatie van de originele versie van Faur\u00e9. Het knapenkoor is uitsluitend samengesteld uit jongens van 7 tot 14 jaar, zingend in sopraan- en altstem, voor deze gelegenheid vergezeld door jongeren en volwassenen in tenor- en basstem. <em>Les<\/em> <em>Pastoureaux<\/em> geniet een wereldwijde reputatie en geeft concerten over de hele wereld: Europa, Noord- en Zuid-Amerika, Japan.<\/p>\n<p>&nbsp;<\/p>\n<p>Joris Verdin: &#8220;De jaren rond 1900 zijn bijzonder vruchtbaar geweest voor de orgelmuziek in het algemeen. De hoeveelheid stukken die ons overgeleverd zijn vormen een eindeloze schat aan prachtige en toegankelijke muziek. De conservatoria van Brussel, Antwerpen en het Lemmensinstituut waren echte centra voor opleiding, interpretatie en compositie, elk vanuit zijn eigen invalshoek. Mailly en Callaerts hadden hun opleiding gekregen van Jacques Nicolas Lemmens, 200 jaar geleden geboren, en waren de bevlogen orgeldocenten van een hele generatie organisten. Van Durme, een generatie jonger, had zijn vak geleerd in het Lemmensinstituut bij een andere \u201cleerling\u201d van Lemmens. Alle drie spreken ze een optimistische taal, licht en levendig. Hun stukken zijn concertstukken, in de eerste plaats bedoeld als muziek die klinkt voor en na de diensten, de brug tussen de wereld en de kerk. Het is ook de tijd waarin stilaan vrouwen geaccepteerd worden op de orgeltribunes. De meesten zijn zo getalenteerd dat ze ook als componist hun stempel gedrukt hebben op de klankwereld van de eeuwwisseling. Chaminade was actief op alle mogelijke gebieden, zij is een voorbode van de moderne tijd. &#8220;[\/vc_column_text][vc_empty_space height=&#8221;30px&#8221;]<a  itemprop=\"url\" href=\"https:\/\/shop.utick.be\/?module=ACTIVITYSERIEDETAILS&amp;pos=VOCEETORGANO&amp;s=C72517BE-27AC-AA55-34C9-654E1988CE0C&amp;lg=NL\" target=\"_self\"  class=\"qbutton  default\" style=\"\">TICKETS<\/a>[vc_empty_space height=&#8221;30px&#8221;][vc_column_text]LEDEN VAN DE VZW VOCE ET ORGANO: voorkeurstarief<strong>\u00a0<a href=\"https:\/\/www.voceorgano.be\/nl\/tickets\/\">hier<\/a><\/strong>[\/vc_column_text][\/vc_column][\/vc_row][vc_row css_animation=&#8221;&#8221; row_type=&#8221;row&#8221; use_row_as_full_screen_section=&#8221;no&#8221; type=&#8221;grid&#8221; angled_section=&#8221;no&#8221; text_align=&#8221;left&#8221; background_image_as_pattern=&#8221;without_pattern&#8221; z_index=&#8221;&#8221;][vc_column][vc_empty_space][vc_separator type=&#8221;normal&#8221;][vc_empty_space][\/vc_column][\/vc_row][vc_row css_animation=&#8221;&#8221; row_type=&#8221;row&#8221; use_row_as_full_screen_section=&#8221;no&#8221; type=&#8221;grid&#8221; angled_section=&#8221;no&#8221; text_align=&#8221;left&#8221; background_image_as_pattern=&#8221;without_pattern&#8221; z_index=&#8221;&#8221;][vc_column width=&#8221;1\/2&#8243;][vc_column_text]<strong>&gt;&gt;&gt; Donderdag 14 september 2023<\/strong><\/p>\n<p><strong>20u00 <\/strong><\/p>\n<p><strong>OLV TER KAPELLEKERK<\/strong><\/p>\n<p><b>Brussel<\/b><\/p>\n<p>&nbsp;<\/p>\n<h1>I QUATTRO TEMPERAMENTI<\/h1>\n<p>&nbsp;<\/p>\n<p><strong><a href=\"https:\/\/www.bartjacobs.eu\/\">Bart JACOBS<\/a> orgel<\/strong><strong>, klavecimbel en directie<\/strong><\/p>\n<p><strong>Michaela RIENER sopraan<\/strong><\/p>\n<p><strong>Joanna HUSZCZA viool<\/strong><\/p>\n<p><strong>Ira GIVOL gamba\u00a0<\/strong><\/p>\n<p>&nbsp;<\/p>\n<p><em>Werken van Monteverdi, Buxtehude, Purcell<\/em><\/p>\n<p>&nbsp;<\/p>\n<p>Tijdens dit concert staat het uiten van emoties zoals liefde, verdriet, vreugde en woede centraal. De barokke muziekpraktijk om muziek te relateren aan al deze emoties gaat terug tot het oude Griekenland en de leer van de vier temperamenten sanguinisch, cholerisch, melancholisch en flegmatisch. Muziek had namelijk het vermogen om deze reacties uit te lokken en werd zo een relevant onderwerp onder barokcomponisten.<\/p>\n<p>Laat je meevoeren langs vier temperamenten doorheen de muziek van Henry Purcell, Claudio Monteverdi en Dieterich Buxtehude door vier temperamentvolle musici&#8230;<\/p>\n<p>&nbsp;<\/p>\n<p>Scenografie en belichting\u00a0: Jean DEFLANDRE[\/vc_column_text][vc_empty_space height=&#8221;10px&#8221;][vc_empty_space height=&#8221;10px&#8221;][vc_empty_space height=&#8221;10px&#8221;]<a  itemprop=\"url\" href=\"https:\/\/shop.utick.be\/?module=ACTIVITYSERIEDETAILS&amp;pos=VOCEETORGANO&amp;s=B367EF94-0DD5-0F87-0B64-B30F77541673&amp;lg=NL\" target=\"_self\"  class=\"qbutton  default\" style=\"\">TICKETS<\/a>[vc_empty_space height=&#8221;10px&#8221;][vc_empty_space height=&#8221;10px&#8221;][vc_empty_space height=&#8221;10px&#8221;][vc_column_text]LEDEN VAN DE VZW VOCE ET ORGANO: voorkeurstarief <strong><a href=\"https:\/\/www.voceorgano.be\/nl\/tickets\/\">hier<\/a><\/strong>[\/vc_column_text][\/vc_column][vc_column width=&#8221;1\/2&#8243;][vc_single_image image=&#8221;3444&#8243; img_size=&#8221;350&#215;350&#8243; alignment=&#8221;center&#8221; style=&#8221;vc_box_circle_2&#8243; onclick=&#8221;link_image&#8221; qode_css_animation=&#8221;&#8221;][vc_empty_space height=&#8221;10px&#8221;][vc_single_image image=&#8221;3446&#8243; img_size=&#8221;350&#215;350&#8243; alignment=&#8221;center&#8221; style=&#8221;vc_box_circle_2&#8243; onclick=&#8221;link_image&#8221; qode_css_animation=&#8221;&#8221;][vc_empty_space height=&#8221;100px&#8221;][\/vc_column][\/vc_row][vc_row css_animation=&#8221;&#8221; row_type=&#8221;row&#8221; use_row_as_full_screen_section=&#8221;no&#8221; type=&#8221;full_width&#8221; angled_section=&#8221;no&#8221; text_align=&#8221;left&#8221; background_image_as_pattern=&#8221;without_pattern&#8221;][vc_column][\/vc_column][\/vc_row][vc_row css_animation=&#8221;&#8221; row_type=&#8221;row&#8221; use_row_as_full_screen_section=&#8221;no&#8221; type=&#8221;grid&#8221; angled_section=&#8221;no&#8221; text_align=&#8221;left&#8221; background_image_as_pattern=&#8221;without_pattern&#8221; z_index=&#8221;&#8221;][vc_column][vc_empty_space][\/vc_column][\/vc_row][vc_row css_animation=&#8221;&#8221; row_type=&#8221;row&#8221; use_row_as_full_screen_section=&#8221;no&#8221; type=&#8221;full_width&#8221; angled_section=&#8221;no&#8221; text_align=&#8221;left&#8221; background_image_as_pattern=&#8221;without_pattern&#8221;][vc_column][vc_single_image image=&#8221;3673&#8243; img_size=&#8221;large&#8221; alignment=&#8221;center&#8221; onclick=&#8221;link_image&#8221; qode_css_animation=&#8221;&#8221;][\/vc_column][\/vc_row]<\/p>\n<\/div>","protected":false},"excerpt":{"rendered":"<p>[vc_row row_type=&#8221;parallax&#8221; parallax_content_width=&#8221;full_width&#8221; text_align=&#8221;left&#8221; background_image=&#8221;3501&#8243; full_screen_section_height=&#8221;no&#8221; section_height=&#8221;500&#8243;][vc_column][\/vc_column][\/vc_row][vc_row css_animation=&#8221;&#8221; row_type=&#8221;row&#8221; use_row_as_full_screen_section=&#8221;no&#8221; type=&#8221;grid&#8221; angled_section=&#8221;no&#8221; text_align=&#8221;left&#8221; background_image_as_pattern=&#8221;without_pattern&#8221; z_index=&#8221;&#8221;][vc_column][vc_empty_space][vc_column_text] 2023 : VOX ANGELI [\/vc_column_text][vc_empty_space][vc_column_text] CONCERTEN OUDE MUZIEK &amp; INHULDIGING VAN HET GERESTAUREERD SCHYVEN ORGEL BRUSSEL &#8211; OLV TER KAPELLEKERK [\/vc_column_text][vc_empty_space][vc_column_text] &#8221; VOX ANGELI&#8221;, de stem van engelen, de hymne&#8230;<\/p>\n","protected":false},"author":1,"featured_media":0,"parent":0,"menu_order":0,"comment_status":"closed","ping_status":"closed","template":"full_width.php","meta":{"footnotes":""},"class_list":["post-3514","page","type-page","status-publish","hentry"],"_links":{"self":[{"href":"https:\/\/www.voceorgano.be\/nl\/wp-json\/wp\/v2\/pages\/3514","targetHints":{"allow":["GET"]}}],"collection":[{"href":"https:\/\/www.voceorgano.be\/nl\/wp-json\/wp\/v2\/pages"}],"about":[{"href":"https:\/\/www.voceorgano.be\/nl\/wp-json\/wp\/v2\/types\/page"}],"author":[{"embeddable":true,"href":"https:\/\/www.voceorgano.be\/nl\/wp-json\/wp\/v2\/users\/1"}],"replies":[{"embeddable":true,"href":"https:\/\/www.voceorgano.be\/nl\/wp-json\/wp\/v2\/comments?post=3514"}],"version-history":[{"count":67,"href":"https:\/\/www.voceorgano.be\/nl\/wp-json\/wp\/v2\/pages\/3514\/revisions"}],"predecessor-version":[{"id":3682,"href":"https:\/\/www.voceorgano.be\/nl\/wp-json\/wp\/v2\/pages\/3514\/revisions\/3682"}],"wp:attachment":[{"href":"https:\/\/www.voceorgano.be\/nl\/wp-json\/wp\/v2\/media?parent=3514"}],"curies":[{"name":"wp","href":"https:\/\/api.w.org\/{rel}","templated":true}]}}