{"id":2136,"date":"2019-08-05T10:04:29","date_gmt":"2019-08-05T08:04:29","guid":{"rendered":"https:\/\/www.voceorgano.be\/?page_id=2136"},"modified":"2019-08-07T19:04:47","modified_gmt":"2019-08-07T17:04:47","slug":"programmatie-voce-et-organo-2019","status":"publish","type":"page","link":"https:\/\/www.voceorgano.be\/nl\/programmatie-voce-et-organo-2019\/","title":{"rendered":"Programmatie Voce et Organo 2019"},"content":{"rendered":"<div class=\"wpb-content-wrapper\"><p>[vc_row row_type=&#8221;parallax&#8221; parallax_content_width=&#8221;full_width&#8221; text_align=&#8221;left&#8221; full_screen_section_height=&#8221;no&#8221; section_height=&#8221;500&#8243;][vc_column][rev_slider_vc alias=&#8221;prog2019&#8243;][\/vc_column][\/vc_row][vc_row css_animation=&#8221;&#8221; row_type=&#8221;row&#8221; use_row_as_full_screen_section=&#8221;no&#8221; type=&#8221;grid&#8221; angled_section=&#8221;no&#8221; text_align=&#8221;left&#8221; background_image_as_pattern=&#8221;without_pattern&#8221; z_index=&#8221;&#8221;][vc_column][vc_empty_space][vc_column_text]<\/p>\n<h1>Programmatie Voce et Organo 2019<\/h1>\n<h1><strong>BRUEGELJAAR EN MUZIKALE OPLEIDING<\/strong><\/h1>\n<p>[\/vc_column_text][vc_empty_space][vc_column_text]<\/p>\n<h2><strong>2019 BRUEGELJAAR<\/strong><\/h2>\n<p>&nbsp;<\/p>\n<p>Een uitzonderlijk jaar, een uitzonderlijk programma: 2019 is het jaar waar de 450ste verjaardag van het overlijden van Pieter Bruegel wordt gevierd, een hoofdfiguur van de Renaissance.<\/p>\n<p>Pieter Bruegel de Oudere werd in 1525 geboren nabij de hedendaagse Hollandse stad Breda. Alhoewel tijdens zijn leven zijn bekendheid nooit deze van de grote Italiaanse meesters evenaarde, wordt hij heden beschouwd als een van de grootste meesters van de Vlaamse schilderkunst, met Van Eyck, Bosch en Rubens (*)<\/p>\n<p>[\/vc_column_text][vc_empty_space][\/vc_column][\/vc_row][vc_row css_animation=&#8221;&#8221; row_type=&#8221;row&#8221; use_row_as_full_screen_section=&#8221;no&#8221; type=&#8221;grid&#8221; angled_section=&#8221;no&#8221; text_align=&#8221;left&#8221; background_image_as_pattern=&#8221;without_pattern&#8221; z_index=&#8221;&#8221;][vc_column width=&#8221;1\/2&#8243;][vc_single_image image=&#8221;2092&#8243; img_size=&#8221;large&#8221; qode_css_animation=&#8221;&#8221;][vc_column_text]\u00a9 David Samyn[\/vc_column_text][vc_empty_space height=&#8221;10px&#8221;][vc_single_image image=&#8221;1736&#8243; img_size=&#8221;large&#8221; qode_css_animation=&#8221;&#8221;][vc_empty_space height=&#8221;10px&#8221;][\/vc_column][vc_column width=&#8221;1\/2&#8243;][vc_column_text] <strong>&gt;&gt;&gt;Vrijdag 13 september 2019 \u2013 20:00 uur \u2013 O.L.V. ter Kapellekerk \u2013 Brussel<\/strong><\/p>\n<p>&nbsp;<\/p>\n<h1>De Toren van Babel<\/h1>\n<p><strong>ENSEMBLE VOX LUMINIS<\/strong>, onder de leiding van Lionel MEUNIER<br \/>\n<strong>Arnaud VAN DE CAUTER, orgel<\/strong><\/p>\n<p>Missa pape Marcelli de Palestrina (geboren in 1525 zoals Bruegel) &amp; werken van Roland de Lassus, Antonio de Cabezon, Girolamo Diruta en Samuel Scheidt.<\/p>\n<p>&nbsp;<\/p>\n<p><em>De toren van Babel<\/em> van Bruegel beschrijft een zeer gekend bijbels verhaal, waar mensen een gigantische toren bouwen. God straft hun hoogmoed door hen te veroordelen verschillende talen te spreken, zodat ze mekaar niet meer kunnen verstaan. Vox Luminis en Arnaud Van De Cauter hebben hun concertprogramma gebouwd op dit picturaal meesterwerk. In een eerste deel legt het ensemble de klemtoon op de verwarring van het volk van Babel door de complexe polyfone werken van Palestrina en Lassus. Vervolgens de <em>Missa Papae Marcelli<\/em> van Palestrina die een oplossing biedt voor de Babelse verwarring, want deze mis\u00a0 die getoonzet werd daags na het concilie van Trente wordt gekenmerkt door transparantie en eenvoud<\/p>\n<p>&nbsp;<\/p>\n<p>Tickets <a href=\"https:\/\/www.voceorgano.be\/nl\/tickets\/\">hier<\/a><\/p>\n<p>&nbsp;<\/p>\n<p><em>Een co-productie Voce &amp; Organo- Vlaamse Meesters in Situ &#8211; <a href=\"https:\/\/www.bozar.be\/\">Bozar<\/a><\/em>[\/vc_column_text][vc_empty_space height=&#8221;10px&#8221;][\/vc_column][\/vc_row][vc_row css_animation=&#8221;&#8221; row_type=&#8221;row&#8221; use_row_as_full_screen_section=&#8221;no&#8221; type=&#8221;grid&#8221; angled_section=&#8221;no&#8221; text_align=&#8221;left&#8221; background_image_as_pattern=&#8221;without_pattern&#8221; z_index=&#8221;&#8221;][vc_column][vc_empty_space][vc_separator type=&#8221;normal&#8221;][vc_empty_space][\/vc_column][\/vc_row][vc_row css_animation=&#8221;&#8221; row_type=&#8221;row&#8221; use_row_as_full_screen_section=&#8221;no&#8221; type=&#8221;grid&#8221; angled_section=&#8221;no&#8221; text_align=&#8221;left&#8221; background_image_as_pattern=&#8221;without_pattern&#8221; z_index=&#8221;&#8221;][vc_column width=&#8221;1\/2&#8243;][vc_column_text]<strong>&gt;&gt;&gt; <\/strong><strong>Zaterdag 28 september 2019 \u2013 20:00 uur \u2013 O.L.V. ter Kapellekerk \u2013 Brussel<\/strong><\/p>\n<h1>Bruegel, Master of details and stories<\/h1>\n<p><b>Ensemble UTOPIA<\/b><\/p>\n<p><strong>Arnaud VAN DE CAUTER, orgel<\/strong><\/p>\n<p>Doorheen de muziek van Clemens non Papa, Lassus,\u00a0 Crequillon, Gombert, cre\u00ebren het ensemble Utopia en de organist Arnaud Van De Cauter een muzikaal portret dat de verschillende aspecten van Bruegels persoon doet herleven.<\/p>\n<p>Zij inspireren zich door Bruegels meesterswerken zoals <em>Het tweegevecht van Karnaval en Vasten, De Toren van Babel, De boerenbruiloft, De val van de opstandige Engelen <\/em>en <em>De Triomf van de dood <\/em>en verbinden aan deze taferelen volkse liederen, suites voor orgel en polyfonische werken gecomponeerd door Vivanco, Mareschal, Gabrieli, Lassus, Gombert en Crequillon die ze een geheel nieuwe dimensie geven. Een ideale gelegenheid om muziek te ontdekken die waarschijnlijk de verbeelding van Bruegel heeft getroffen.<\/p>\n<p>&nbsp;<\/p>\n<p>Tickets <a href=\"https:\/\/www.voceorgano.be\/nl\/tickets\/\">hier<\/a><\/p>\n<p>&nbsp;<\/p>\n<p><em>Een co-productie Voce &amp; Organo &#8211; <a href=\"https:\/\/www.bozar.be\/\">Bozar<\/a><\/em>[\/vc_column_text][\/vc_column][vc_column width=&#8221;1\/2&#8243;][vc_single_image image=&#8221;2089&#8243; img_size=&#8221;large&#8221; qode_css_animation=&#8221;&#8221;][vc_column_text]Utopia \u00a9 GR-DR[\/vc_column_text][vc_empty_space height=&#8221;10px&#8221;][vc_empty_space height=&#8221;10px&#8221;][\/vc_column][\/vc_row][vc_row css_animation=&#8221;&#8221; row_type=&#8221;row&#8221; use_row_as_full_screen_section=&#8221;no&#8221; type=&#8221;grid&#8221; angled_section=&#8221;no&#8221; text_align=&#8221;left&#8221; background_image_as_pattern=&#8221;without_pattern&#8221; z_index=&#8221;&#8221;][vc_column][vc_empty_space][vc_separator type=&#8221;normal&#8221;][vc_empty_space][\/vc_column][\/vc_row][vc_row css_animation=&#8221;&#8221; row_type=&#8221;row&#8221; use_row_as_full_screen_section=&#8221;no&#8221; type=&#8221;grid&#8221; angled_section=&#8221;no&#8221; text_align=&#8221;left&#8221; background_image_as_pattern=&#8221;without_pattern&#8221; z_index=&#8221;&#8221;][vc_column width=&#8221;1\/2&#8243;][vc_single_image image=&#8221;2087&#8243; img_size=&#8221;large&#8221; qode_css_animation=&#8221;&#8221;][vc_empty_space height=&#8221;10px&#8221;][vc_single_image image=&#8221;2088&#8243; img_size=&#8221;large&#8221; qode_css_animation=&#8221;&#8221;][vc_empty_space height=&#8221;10px&#8221;][\/vc_column][vc_column width=&#8221;1\/2&#8243;][vc_column_text]<strong>&gt;&gt;&gt; Donderdag 3 oktober \u2013 20:00 uur \u2013 O.L.V. ter Kapellekerk \u2013 Brussel<\/strong><\/p>\n<h1>Bruegel schalkse humanist, een muzikaal tafereel<\/h1>\n<p style=\"text-align: left;\"><strong>ENSEMBLE <a href=\"http:\/\/www.sonadori.be\/\">LES SONADORI<\/a><\/strong>, onder de leiding van Alain GERVREAU<\/p>\n<p>Ensemble met 6 Renaissanceviolen van bas tot falsetto<\/p>\n<p>Uitgenodigd:<\/p>\n<p>Pascale BOQUET, luit<\/p>\n<p>Kerlijne VAN NEVEL, mezzo-sopraan<\/p>\n<p><a href=\"http:\/\/www.fabienmoulaert.org\">Fabien MOULAERT<\/a>, orgel<\/p>\n<p>Dit concert-spektakel nodigt u uit voor een projectie van de meest betekenisvolle schilderijen van de schilder van de \u201ddagelijkse realiteit\u201d , die ook een aanblik geeft van de 16de eeuwse cultuur in Vlaanderen en Brabant : Volksdansen, populaire melodie\u00ebn, Souterliedekens en guitige en smachtende liederen in de kerk waar de meester trouwde en werd begraven.<\/p>\n<p>&nbsp;<\/p>\n<p>Werken van Clemens non Papa, Lupus Episcopius, Gerardus Turnhout, Mattheus Pipelare, Johannes Ghiselin, Jheronimus Venders, Tielman Susato, Pierre Phal\u00e8se, Josquin Bason, Francisco Correa de Arauxo, Paul Hofhaimer, Marco Antonio Cavazzoni en enkele anoniemen.<\/p>\n<p>&nbsp;<\/p>\n<p>Tickets <a href=\"https:\/\/www.voceorgano.be\/nl\/tickets\/\">hier<\/a><\/p>\n<p>&nbsp;<\/p>\n<p><em>Een co-productie Voce et Organo &#8211;\u00a0 de Afdeling Onderzoek van het Koniklijk Conservatorium Brussel\u00a0 &#8211; Les Sonadori<\/em>[\/vc_column_text][vc_empty_space height=&#8221;10px&#8221;][\/vc_column][\/vc_row][vc_row css_animation=&#8221;&#8221; row_type=&#8221;row&#8221; use_row_as_full_screen_section=&#8221;no&#8221; type=&#8221;grid&#8221; angled_section=&#8221;no&#8221; text_align=&#8221;left&#8221; background_image_as_pattern=&#8221;without_pattern&#8221; z_index=&#8221;&#8221;][vc_column][vc_empty_space][vc_separator type=&#8221;normal&#8221;][vc_empty_space][\/vc_column][\/vc_row][vc_row css_animation=&#8221;&#8221; row_type=&#8221;row&#8221; use_row_as_full_screen_section=&#8221;no&#8221; type=&#8221;grid&#8221; angled_section=&#8221;no&#8221; text_align=&#8221;left&#8221; background_image_as_pattern=&#8221;without_pattern&#8221; z_index=&#8221;&#8221;][vc_column width=&#8221;1\/2&#8243;][vc_column_text]<\/p>\n<h2><strong>ORGELREIS VOOR STUDENTEN<\/strong><\/h2>\n<p>&nbsp;<\/p>\n<p><strong>Van Zondag 23 tot woensdag 26 juni 2019 \u2013 Reis naar Saksen (D)<\/strong><\/p>\n<p>Organisatie van een orgelreis voor studenten van het Koninklijk Conservatorium van Luik alsook andere conservatoria<\/p>\n<p>&nbsp;<\/p>\n<p>Met Edward VANMARSENILLE, Fabien MOULAERT, Arnaud VAN DE CAUTER, organisten<\/p>\n<p>Bezochte orgels:<\/p>\n<p>Orgel Silbermann (1721) \u2013 Sankt Georg Kirche te R\u00f6tha (D)<\/p>\n<p>Orgel Silbermann (1722) \u2013 Maria Kirche te R\u00f6tha (D)<\/p>\n<p>OrgelTrost (1735-1739) \u2013 Kapel Kasteel van Altenburg (D)<\/p>\n<p>Orgel Silbermann (1737) \u2013 Ponitz (D)<\/p>\n<p>Orgel Silbermann (1742) \u2013 Z\u00f6blitz (D)<\/p>\n<p><em>\u00a0<\/em><\/p>\n<p><em>Organisation : Voce et Organo vzw en het <a href=\"http:\/\/www.crlg.be\/\">Conservatoire Royal de Li\u00e8ge <\/a><\/em>[\/vc_column_text][\/vc_column][vc_column width=&#8221;1\/2&#8243;][vc_single_image image=&#8221;2101&#8243; img_size=&#8221;large&#8221; qode_css_animation=&#8221;&#8221;][vc_empty_space height=&#8221;10px&#8221;][vc_single_image image=&#8221;2099&#8243; img_size=&#8221;large&#8221; qode_css_animation=&#8221;&#8221;][vc_empty_space height=&#8221;10px&#8221;][\/vc_column][\/vc_row][vc_row css_animation=&#8221;&#8221; row_type=&#8221;row&#8221; use_row_as_full_screen_section=&#8221;no&#8221; type=&#8221;grid&#8221; angled_section=&#8221;no&#8221; text_align=&#8221;left&#8221; background_image_as_pattern=&#8221;without_pattern&#8221; z_index=&#8221;&#8221;][vc_column][vc_empty_space][vc_separator type=&#8221;normal&#8221;][vc_empty_space][\/vc_column][\/vc_row][vc_row css_animation=&#8221;&#8221; row_type=&#8221;row&#8221; use_row_as_full_screen_section=&#8221;no&#8221; type=&#8221;grid&#8221; angled_section=&#8221;no&#8221; text_align=&#8221;left&#8221; background_image_as_pattern=&#8221;without_pattern&#8221; z_index=&#8221;&#8221;][vc_column width=&#8221;1\/2&#8243;][vc_column_text]<\/p>\n<h2><strong>International Summer Academy Alden Biesen &#8211; <\/strong><strong>ORGELSTAGES EN LIJFELIJKE INTEGRATIE MET HET INSTRUMENT<\/strong><\/h2>\n<p>&nbsp;<\/p>\n<p><strong>van zaterdag 10 tot donderdag 15 augustus 2019<\/strong><\/p>\n<p>&nbsp;<\/p>\n<p><u>Orgelprofessoren:<\/u><\/p>\n<p>Arnaud VAN DE CAUTER, professor aan het Koninklijk Conservatorium van Luik en artistiek directeur van de vzwVoce et Organo (B)<\/p>\n<p>Hans LEENDERS, professor aan het Conservatorium van Maastricht (NL)<\/p>\n<p>Luc PONET,organist en bestuurder van het Nationaal Instituut voor Orgelkunst (B)<\/p>\n<p>Marcel VERHEGGEN, organist te Maastricht (NL)<\/p>\n<p>&nbsp;<\/p>\n<p><u>Op het programma: <\/u>\u00a0Koorzang Academie (Barokmuziek en hedendaagse muziek) \u2013 Barokorkest en kamermuziek (alleen op barokinstrumenten) \u2013 Orgelacademie en stage van lichamelijke integratie met het orgel \u2013 concerten \u2013 enz&#8230;[\/vc_column_text][vc_empty_space height=&#8221;10px&#8221;][vc_empty_space height=&#8221;10px&#8221;][vc_single_image image=&#8221;1998&#8243; img_size=&#8221;large&#8221; qode_css_animation=&#8221;&#8221;][vc_empty_space height=&#8221;10px&#8221;][\/vc_column][vc_column width=&#8221;1\/2&#8243;][vc_column_text]<\/p>\n<h2><\/h2>\n<p>&nbsp;<\/p>\n<p>&nbsp;<\/p>\n<p>&nbsp;<\/p>\n<p>&nbsp;<\/p>\n<p>&nbsp;<\/p>\n<p><u>Studieorgels en andere te:<\/u><\/p>\n<p>Tongeren ; Onze Lieve Vrouw basiliek (LePicard, 1750 en Thomas, 2014 \u2013 stage \u2013 radiomis en slotconcert op 15 augustus 2019)<\/p>\n<p>Luik : Saint Jacques kerk (Renaissance orgel, 1600 \u2013 stage)<\/p>\n<p>Sint Truiden : Begijnhofkerk ( Ancion, 1643 \u2013 stage )<\/p>\n<p>Alden Biezen \u2013 Bilzen : Landcommanderij (repetities, conferenties, ateliers, concerten )<\/p>\n<p>Maastricht : Sint Servatius basiliek (Hoofdorgel, 1843\/1845 \u2013 stage en concert)<\/p>\n<p>Onze Lieve Vrouw basiliek (S\u00e9verin orgel, 1652 \u2013 stage en concert)<\/p>\n<p>&nbsp;<\/p>\n<p>Een partnerschap tussen Organum Alden Biesen en vzw Voce et Organo<\/p>\n<p>infos: <a href=\"http:\/\/www.organum-aldenbiesen.be\/wp-content\/uploads\/2019\/02\/Internationale-Zomeracademie-2019-FR.pdf\">asbl Organum Alden Biesen<\/a><\/p>\n<p>[\/vc_column_text][vc_empty_space height=&#8221;10px&#8221;][vc_single_image image=&#8221;1999&#8243; img_size=&#8221;full&#8221; qode_css_animation=&#8221;&#8221;][vc_empty_space][\/vc_column][\/vc_row][vc_row css_animation=&#8221;&#8221; row_type=&#8221;row&#8221; use_row_as_full_screen_section=&#8221;no&#8221; type=&#8221;grid&#8221; angled_section=&#8221;no&#8221; text_align=&#8221;left&#8221; background_image_as_pattern=&#8221;without_pattern&#8221; z_index=&#8221;&#8221;][vc_column][vc_empty_space][\/vc_column][\/vc_row][vc_row css_animation=&#8221;&#8221; row_type=&#8221;row&#8221; use_row_as_full_screen_section=&#8221;no&#8221; type=&#8221;grid&#8221; angled_section=&#8221;no&#8221; text_align=&#8221;left&#8221; background_image_as_pattern=&#8221;without_pattern&#8221; z_index=&#8221;&#8221;][vc_column width=&#8221;1\/2&#8243;][vc_column_text]<\/p>\n<h2><strong>MUZIKALE OPLEIDING\u00a0\u00a0\u00a0 NOG EENS !<\/strong><\/h2>\n<p>[\/vc_column_text][vc_empty_space height=&#8221;10px&#8221;][vc_empty_space][vc_column_text]&gt;&gt;&gt;<strong> Master Class Markus UHL<\/strong><\/p>\n<p><strong>8-9 februari 2019 \u2013 Sint Truiden<\/strong><\/p>\n<p>&nbsp;<\/p>\n<p>Voce et Organo steunt de organisatie door het <a href=\"http:\/\/www.crlg.be\/\">Conservatoire Royal de Li\u00e8ge<\/a>\u00a0van een Master Class besteed aan de improvisatie in de O.L.V. collegiale kerk van Sint-Truiden met professor Markus UHL.<\/p>\n<p>Concert zaterdag 9 maart 2019 te 20:00 uur in de O.L.V. collegiale kerk van Sint<\/p>\n<p>Werken van Girolamo Frescobaldi, Johann Sebastian Bach, John Rutter et improvisations de Markus UHL[\/vc_column_text][vc_empty_space][vc_empty_space][vc_column_text]&gt;&gt;&gt;<strong> Barokdans<\/strong><\/p>\n<p><strong>22 maart 2019 \u2013 Luik<\/strong><\/p>\n<p>&nbsp;<\/p>\n<p>Atelier van barokdans, ter attentie van organisten door Cec\u00edli\u00e1 Gr\u00e1cio Moura.<\/p>\n<p>Een dag omtrent de kenmerken van dansen uit de baroktijd.<\/p>\n<p>De vormen die deel uitmaken van de <em>Suite \u00e0 la Fran\u00e7aise<\/em> zullen bestudeerd worden.Wat kan de danskunst bijbrengen aan de vertolking van de muziek ?<\/p>\n<p>&nbsp;<\/p>\n<p>Organisatie : het <a href=\"http:\/\/www.crlg.be\/\">Conservatoire Royal de Li\u00e8ge<\/a>, met de steun van Voce et Organo.<\/p>\n<p>Infos <a href=\"https:\/\/www.facebook.com\/events\/381724426011566\/\">ici<\/a>[\/vc_column_text][vc_empty_space][vc_empty_space][vc_column_text]&gt;&gt;&gt;<strong>Audities\u00a0 en cursus van zink, posaune (sacqueboute) en kamermuziek<\/strong><\/p>\n<p><strong>\u00a02 de semester van het schooljaar 2019 \u2013 O.LV. Vrouw Kapellekerk te Brussel<\/strong><\/p>\n<p>&nbsp;<\/p>\n<p>Op het Renaissance-orgel vande O.L.V. ter Kapellekerk met als doel de leeerlingen toe te laten op een hoog diapason en mesotonische temperatuur te spelen. Twee eigenschappen van het Renaissance-orgel met warme en kleurrijke klanken.<\/p>\n<p>&nbsp;<\/p>\n<p>In samenwerking met het <a href=\"https:\/\/www.kcb.be\/nl\">Koninklijk Conservatorium van Brussel<\/a> &#8211; Afdeling oude muziek en Lambert Colson, professor aan het KCB.<\/p>\n<p>[\/vc_column_text][\/vc_column][vc_column width=&#8221;1\/2&#8243;][vc_single_image image=&#8221;2010&#8243; img_size=&#8221;medium&#8221; qode_css_animation=&#8221;&#8221;][vc_empty_space][vc_empty_space][vc_empty_space][vc_single_image image=&#8221;2018&#8243; img_size=&#8221;medium&#8221; qode_css_animation=&#8221;&#8221;][vc_empty_space][vc_empty_space][vc_empty_space][vc_empty_space][vc_single_image image=&#8221;2022&#8243; img_size=&#8221;medium&#8221; qode_css_animation=&#8221;&#8221;][vc_column_text]\u00a9 CiciOlson[\/vc_column_text][\/vc_column][\/vc_row][vc_row css_animation=&#8221;&#8221; row_type=&#8221;row&#8221; use_row_as_full_screen_section=&#8221;no&#8221; type=&#8221;grid&#8221; angled_section=&#8221;no&#8221; text_align=&#8221;left&#8221; background_image_as_pattern=&#8221;without_pattern&#8221; z_index=&#8221;&#8221;][vc_column][vc_empty_space][vc_empty_space][vc_empty_space][vc_column_text]_____________________________________<\/p>\n<p style=\"text-align: left;\">* Over het leven van Bruegel weet men uiteindelijk niet zo veel. Hij leert schilderen in een Antwerps atelier en wordt in 1551 lid van de Sint-Lucasgilde,\u00a0 een corporatie van schilders, beeldhouwers en drukkers. Hij ontmoet humanistische geleerden maar verkeert ook in boerenmiddens. Nadat hij etser was geweest en koopman van gravures, onderneemt hij een reis naar Itali\u00eb en komt terug met vele tekeningen. Het is nochtans vrij laat dat hij begint te schilderen : zijn eerste schilderij dateert van 1553.<\/p>\n<p>Bruegel heeft een ommekeer in het landschapschilderen teweeg gebracht en zijn sc\u00e8nes van het boerenleven maken hem beroemd. Hij bewerkt het landschap als een veelzijdige constructie, samengesteld uit verschillende vlakken die op wonderbare wijze zijn samengesteld met honderd verschillende kleine personnages vol leven.<\/p>\n<p>De werken van Bruegel getuigen eveneens van een gewelddadige tijd: deze van de opstand tegen de Spanjaarden en de protestantse beeldenstorm. De grote schilderijen zoals \u2018<em>De val der Engelen \u2018(1562) <\/em>of \u2018<em>De triomf van de dood\u2019 <\/em>getuigen van een pessimistische visie van het menselijk bestaan.<\/p>\n<p>Pieter Bruegel komt naar Brussel in 1562, hij was toen 37 jaar. Hij was pas gehuwd met de dochter van zijn eerste leermeester de schilder Pieter Coecke van Aalst, met dewelke hij verschillende zonen heeft die allen op hun beurt schilders werden. Hij zal zich huisvesten in een ruime woning in de buurt van de Kapellekerk hartje Marollen.<\/p>\n<p>In de 16de eeuw is Brussel een artistiek centrum voor de nieuwe stadsadel\u00a0 die hem sterk hebben be\u00efnvloed aangezien twee derden van zijn schilderijen in Brussel werden geschilderd. Hij sterft in 1569 en wordt begraven in de O.L.V. ter Kapellekerk van Brussel.<\/p>\n<p>Dit jaar is het de verjaardag van de dood van Bruegel en dus is het de gelegenheid het artistieke hart van Brussel te verkennen. Vooral de muziek van zijn tijd aan de hand van <strong>drie buiten gewone concerten <\/strong>die Voce et Organo aan het publiek voorstelt <strong>op 13 en 28 september, alsook op 3 oktober 2019 <\/strong>ter vervanging van het traditioneel Zomerfestival van Voce et Organo.<\/p>\n<p style=\"text-align: left;\">.<\/p>\n<p>[\/vc_column_text][vc_empty_space][\/vc_column][\/vc_row][vc_row css_animation=&#8221;&#8221; row_type=&#8221;row&#8221; use_row_as_full_screen_section=&#8221;no&#8221; type=&#8221;full_width&#8221; angled_section=&#8221;no&#8221; text_align=&#8221;left&#8221; background_image_as_pattern=&#8221;without_pattern&#8221;][vc_column][\/vc_column][\/vc_row][vc_row css_animation=&#8221;&#8221; row_type=&#8221;row&#8221; use_row_as_full_screen_section=&#8221;no&#8221; type=&#8221;full_width&#8221; angled_section=&#8221;no&#8221; text_align=&#8221;left&#8221; background_image_as_pattern=&#8221;without_pattern&#8221;][vc_column][\/vc_column][\/vc_row]<\/p>\n<\/div>","protected":false},"excerpt":{"rendered":"<p>[vc_row row_type=&#8221;parallax&#8221; parallax_content_width=&#8221;full_width&#8221; text_align=&#8221;left&#8221; full_screen_section_height=&#8221;no&#8221; section_height=&#8221;500&#8243;][vc_column][rev_slider_vc alias=&#8221;prog2019&#8243;][\/vc_column][\/vc_row][vc_row css_animation=&#8221;&#8221; row_type=&#8221;row&#8221; use_row_as_full_screen_section=&#8221;no&#8221; type=&#8221;grid&#8221; angled_section=&#8221;no&#8221; text_align=&#8221;left&#8221; background_image_as_pattern=&#8221;without_pattern&#8221; z_index=&#8221;&#8221;][vc_column][vc_empty_space][vc_column_text] Programmatie Voce et Organo 2019 BRUEGELJAAR EN MUZIKALE OPLEIDING [\/vc_column_text][vc_empty_space][vc_column_text] 2019 BRUEGELJAAR &nbsp; Een uitzonderlijk jaar, een uitzonderlijk programma: 2019 is het jaar waar de 450ste verjaardag van het overlijden&#8230;<\/p>\n","protected":false},"author":1,"featured_media":0,"parent":0,"menu_order":0,"comment_status":"closed","ping_status":"closed","template":"full_width.php","meta":{"footnotes":""},"class_list":["post-2136","page","type-page","status-publish","hentry"],"_links":{"self":[{"href":"https:\/\/www.voceorgano.be\/nl\/wp-json\/wp\/v2\/pages\/2136","targetHints":{"allow":["GET"]}}],"collection":[{"href":"https:\/\/www.voceorgano.be\/nl\/wp-json\/wp\/v2\/pages"}],"about":[{"href":"https:\/\/www.voceorgano.be\/nl\/wp-json\/wp\/v2\/types\/page"}],"author":[{"embeddable":true,"href":"https:\/\/www.voceorgano.be\/nl\/wp-json\/wp\/v2\/users\/1"}],"replies":[{"embeddable":true,"href":"https:\/\/www.voceorgano.be\/nl\/wp-json\/wp\/v2\/comments?post=2136"}],"version-history":[{"count":7,"href":"https:\/\/www.voceorgano.be\/nl\/wp-json\/wp\/v2\/pages\/2136\/revisions"}],"predecessor-version":[{"id":2144,"href":"https:\/\/www.voceorgano.be\/nl\/wp-json\/wp\/v2\/pages\/2136\/revisions\/2144"}],"wp:attachment":[{"href":"https:\/\/www.voceorgano.be\/nl\/wp-json\/wp\/v2\/media?parent=2136"}],"curies":[{"name":"wp","href":"https:\/\/api.w.org\/{rel}","templated":true}]}}