{"id":1686,"date":"2018-05-11T15:35:21","date_gmt":"2018-05-11T13:35:21","guid":{"rendered":"http:\/\/www.voceorgano.be\/mentions-legales\/"},"modified":"2024-05-13T16:07:30","modified_gmt":"2024-05-13T14:07:30","slug":"mentions-legales","status":"publish","type":"page","link":"https:\/\/www.voceorgano.be\/nl\/mentions-legales\/","title":{"rendered":"Mentions l\u00e9gales"},"content":{"rendered":"<div class=\"wpb-content-wrapper\"><p>[vc_row css_animation=&#8221;&#8221; row_type=&#8221;row&#8221; use_row_as_full_screen_section=&#8221;no&#8221; type=&#8221;full_width&#8221; angled_section=&#8221;no&#8221; text_align=&#8221;left&#8221; background_image_as_pattern=&#8221;without_pattern&#8221;][vc_column][vc_column_text css=&#8221;&#8221;]<strong>1. Informations l\u00e9gales :<\/strong><\/p>\n<p>Le Propri\u00e9taire est : Voce &amp; Organo asbl-vzw<\/p>\n<p>Adresse postale du propri\u00e9taire : 94 avenue Louis Gribaumont 1200 WOLUWE SAINT LAMBERT<\/p>\n<p>N\u00b0d&#8217;entreprise : 0450.445.432<\/p>\n<p>Le Cr\u00e9ateur du site est : <a href=\"https:\/\/www.all2newmedia.com\" target=\"_blank\" rel=\"noopener\">All2newmedia Sprl &#8211; Cr\u00e9ation et r\u00e9alisation de site web et sites internet e-commerce<\/a><\/p>\n<p>&nbsp;<\/p>\n<p>Le Responsable de la publication est : Voce &amp; Organo asbl-vzw<\/p>\n<p>Contacter le responsable de la publication : info@voceorgano.be<\/p>\n<p>Le responsable de la publication est une asbl<\/p>\n<p>Le Webmaster est : Voce &amp; Organo asbl-vzw<\/p>\n<p>Contacter le Webmaster : <a href=\"mailto:info@voceorgano.be\">info@voceorgano.be<\/a><\/p>\n<p>L\u2019hebergeur du site est : OVH 2 rue Kellermann 59100 Roubaix<\/p>\n<p>&nbsp;<\/p>\n<p><strong>2. Pr\u00e9sentation et principe :<\/strong><\/p>\n<p>Est d\u00e9sign\u00e9 ci-apr\u00e8s : Utilisateur, tout internaute se connectant et utilisant le site susnomm\u00e9 : <a href=\"http:\/\/https:\/\/www.voceorgano.be\" target=\"_blank\" rel=\"noopener\">https:\/\/www.voceorgano.be<\/a>.<\/p>\n<p>Le site https:\/\/www.voceorgano.be regroupe un ensemble de services, dans l&#8217;\u00e9tat, mis \u00e0 la disposition des utilisateurs. Il est ici pr\u00e9cis\u00e9 que ces derniers doivent rester courtois et faire preuve de bonne foi tant envers les autres utilisateurs qu&#8217;envers le webmaster du site https:\/\/www.voceorgano.be. Le site https:\/\/www.voceorgano.be est mis \u00e0 jour r\u00e9guli\u00e8rement par Voce &amp; Organo asbl-vzw.<\/p>\n<p>Voce &amp; Organo asbl-vzw s\u2019efforce de fournir sur le site https:\/\/www.voceorgano.be des informations les plus pr\u00e9cises possibles (sous r\u00e9serve de modifications apport\u00e9es depuis leur mise en ligne), mais ne saurait garantir l&#8217;exactitude, la compl\u00e9tude et l&#8217;actualit\u00e9 des informations diffus\u00e9es sur son site, qu\u2019elles soient de son fait ou du fait des tiers partenaires qui lui fournissent ces informations. En cons\u00e9quence, l&#8217;utilisateur reconna\u00eet utiliser ces informations donn\u00e9es (\u00e0 titre indicatif, non exhaustives et susceptibles d&#8217;\u00e9voluer) sous sa responsabilit\u00e9 exclusive.<\/p>\n<p>&nbsp;<\/p>\n<p><strong>3. Accessibilit\u00e9 :<\/strong><\/p>\n<p>Le site https:\/\/www.voceorgano.be est par principe accessible aux utilisateurs 24\/24h, 7\/7j, sauf interruption, programm\u00e9e ou non, pour les besoins de sa maintenance ou en cas de force majeure. En cas d\u2019impossibilit\u00e9 d\u2019acc\u00e8s au service, https:\/\/www.voceorgano.be s\u2019engage \u00e0 faire son maximum afin de r\u00e9tablir l\u2019acc\u00e8s au service et s\u2019efforcera alors de communiquer pr\u00e9alablement aux utilisateurs les dates et heures de l\u2019intervention. N\u2019\u00e9tant soumis qu\u2019\u00e0 une obligation de moyen, https:\/\/www.voceorgano.be ne saurait \u00eatre tenu pour responsable de tout dommage, quelle qu\u2019en soit la nature, r\u00e9sultant d\u2019une indisponibilit\u00e9 du service.<\/p>\n<p>&nbsp;<\/p>\n<p><strong>4. Propri\u00e9t\u00e9 intellectuelle :<\/strong><\/p>\n<p>Voce &amp; Organo asbl-vzw est propri\u00e9taire exclusif de tous les droits de propri\u00e9t\u00e9 intellectuelle ou d\u00e9tient les droits d\u2019usage sur tous les \u00e9l\u00e9ments accessibles sur le site, tant sur la structure que sur les textes, images, graphismes, logo, ic\u00f4nes, sons, logiciels\u2026<\/p>\n<p>Toute reproduction totale ou partielle du site https:\/\/www.voceorgano.be, repr\u00e9sentation, modification, publication, adaptation totale ou partielle de l&#8217;un quelconque de ces \u00e9l\u00e9ments, quel que soit le moyen ou le proc\u00e9d\u00e9 utilis\u00e9, est interdite, sauf autorisation \u00e9crite pr\u00e9alable de Voce &amp; Organo asbl-vzw , propri\u00e9taire du site \u00e0 l&#8217;email : info@voceorgano.be.<\/p>\n<p>&nbsp;<\/p>\n<p><strong>5. Liens hypertextes et cookies :<\/strong><\/p>\n<p>Le site https:\/\/www.voceorgano.be contient un certain nombre de liens hypertextes vers d\u2019autres sites (partenaires, informations \u2026) mis en place avec l\u2019autorisation de Voce &amp; Organo asbl-vzw . Cependant, Voce &amp; Organo asbl-vzw n\u2019a pas la possibilit\u00e9 de v\u00e9rifier l&#8217;ensemble du contenu des sites ainsi visit\u00e9s et d\u00e9cline donc toute responsabilit\u00e9 de ce fait quand aux risques \u00e9ventuels de contenus illicites.<\/p>\n<p>L\u2019utilisateur est inform\u00e9 que lors de ses visites sur le site https:\/\/www.voceorgano.be, un ou des cookies sont susceptibles de s\u2019installer automatiquement sur son ordinateur par l&#8217;interm\u00e9diaire de son logiciel de navigation. Un cookie est un bloc de donn\u00e9es qui ne permet pas d&#8217;identifier l&#8217;utilisateur, mais qui enregistre des informations relatives \u00e0 la navigation de celui-ci sur le site.<\/p>\n<p>Le param\u00e9trage du logiciel de navigation permet d\u2019informer de la pr\u00e9sence de cookie et \u00e9ventuellement, de la refuser de la mani\u00e8re d\u00e9crite \u00e0 l\u2019adresse suivante : <a href=\"http:\/\/www.cnil.fr\">www.cnil.fr<\/a>. L\u2019utilisateur peut toutefois configurer le navigateur de son ordinateur pour refuser l\u2019installation des cookies, sachant que le refus d&#8217;installation d&#8217;un cookie peut entra\u00eener l\u2019impossibilit\u00e9 d\u2019acc\u00e9der \u00e0 certains services. Pour tout bloquage des cookies, tapez dans votre moteur de recherche : bloquage des cookies sous IE ou firefox et suivez les instructions en fonction de votre version.<\/p>\n<p>&nbsp;<\/p>\n<p><strong>6. Protection des biens et des personnes &#8211; gestion des donn\u00e9es personnelles :<\/strong><\/p>\n<p>Sur le site https:\/\/www.voceorgano.be, Voce &amp; Organo asbl-vzw ne collecte des informations personnelles relatives \u00e0 l&#8217;utilisateur que pour le besoin de certains services propos\u00e9s par le site https:\/\/www.voceorgano.be. L&#8217;utilisateur fournit ces informations en toute connaissance de cause, notamment lorsqu&#8217;il proc\u00e8de par lui-m\u00eame \u00e0 leur saisie. Il est alors pr\u00e9cis\u00e9 \u00e0 l&#8217;utilisateur du site https:\/\/www.voceorgano.be l\u2019obligation ou non de fournir ces informations.<\/p>\n<p>Tout utilisateur dispose d\u2019un droit d\u2019acc\u00e8s, de rectification, de suppression et d\u2019opposition aux donn\u00e9es personnelles le concernant. Pour l\u2019exercer, adressez votre demande \u00e0 Voce &amp; Organo asbl-vzw par email : <a href=\"info@voceorgano.be \">info@voceorgano.be <\/a> ou par \u00e9crit d\u00fbment sign\u00e9e, accompagn\u00e9e d\u2019une copie du titre d\u2019identit\u00e9 avec signature du titulaire de la pi\u00e8ce, en pr\u00e9cisant l\u2019adresse \u00e0 laquelle la r\u00e9ponse doit \u00eatre envoy\u00e9e.<br \/>\nAucune information personnelle de l&#8217;utilisateur du site https:\/\/www.voceorgano.be n&#8217;est publi\u00e9e \u00e0 l&#8217;insu de l&#8217;utilisateur, \u00e9chang\u00e9e, transf\u00e9r\u00e9e, c\u00e9d\u00e9e ou vendue sur un support quelconque \u00e0 des tiers. Seule l&#8217;hypoth\u00e8se du rachat du site https:\/\/www.voceorgano.be et de ses droits autorise Voce &amp; Organo asbl-vzw \u00e0 transmettre les dites informations \u00e0 l&#8217;\u00e9ventuel acqu\u00e9reur qui serait \u00e0 son tour tenu \u00e0 la m\u00eame obligation de conservation et de modification des donn\u00e9es vis \u00e0 vis de l&#8217;utilisateur du site https:\/\/www.voceorgano.be.[\/vc_column_text][vc_empty_space][\/vc_column][\/vc_row]<\/p>\n<\/div>","protected":false},"excerpt":{"rendered":"<p>[vc_row css_animation=&#8221;&#8221; row_type=&#8221;row&#8221; use_row_as_full_screen_section=&#8221;no&#8221; type=&#8221;full_width&#8221; angled_section=&#8221;no&#8221; text_align=&#8221;left&#8221; background_image_as_pattern=&#8221;without_pattern&#8221;][vc_column][vc_column_text css=&#8221;&#8221;]1. Informations l\u00e9gales : Le Propri\u00e9taire est : Voce &amp; Organo asbl-vzw Adresse postale du propri\u00e9taire : 94 avenue Louis Gribaumont 1200 WOLUWE SAINT LAMBERT N\u00b0d&#8217;entreprise : 0450.445.432 Le Cr\u00e9ateur du site est : All2newmedia Sprl &#8211;&#8230;<\/p>\n","protected":false},"author":1,"featured_media":0,"parent":0,"menu_order":0,"comment_status":"closed","ping_status":"closed","template":"","meta":{"footnotes":""},"class_list":["post-1686","page","type-page","status-publish","hentry"],"_links":{"self":[{"href":"https:\/\/www.voceorgano.be\/nl\/wp-json\/wp\/v2\/pages\/1686","targetHints":{"allow":["GET"]}}],"collection":[{"href":"https:\/\/www.voceorgano.be\/nl\/wp-json\/wp\/v2\/pages"}],"about":[{"href":"https:\/\/www.voceorgano.be\/nl\/wp-json\/wp\/v2\/types\/page"}],"author":[{"embeddable":true,"href":"https:\/\/www.voceorgano.be\/nl\/wp-json\/wp\/v2\/users\/1"}],"replies":[{"embeddable":true,"href":"https:\/\/www.voceorgano.be\/nl\/wp-json\/wp\/v2\/comments?post=1686"}],"version-history":[{"count":2,"href":"https:\/\/www.voceorgano.be\/nl\/wp-json\/wp\/v2\/pages\/1686\/revisions"}],"predecessor-version":[{"id":3702,"href":"https:\/\/www.voceorgano.be\/nl\/wp-json\/wp\/v2\/pages\/1686\/revisions\/3702"}],"wp:attachment":[{"href":"https:\/\/www.voceorgano.be\/nl\/wp-json\/wp\/v2\/media?parent=1686"}],"curies":[{"name":"wp","href":"https:\/\/api.w.org\/{rel}","templated":true}]}}