{"id":1664,"date":"2018-03-21T15:43:00","date_gmt":"2018-03-21T15:43:00","guid":{"rendered":"http:\/\/www.voceorgano.be\/home\/"},"modified":"2026-03-15T15:45:18","modified_gmt":"2026-03-15T14:45:18","slug":"home","status":"publish","type":"page","link":"https:\/\/www.voceorgano.be\/nl\/","title":{"rendered":"Home"},"content":{"rendered":"<div class=\"wpb-content-wrapper\"><p>[vc_row css_animation=&#8221;&#8221; row_type=&#8221;row&#8221; use_row_as_full_screen_section=&#8221;no&#8221; type=&#8221;full_width&#8221; angled_section=&#8221;no&#8221; text_align=&#8221;left&#8221; background_image_as_pattern=&#8221;without_pattern&#8221;][vc_column][rev_slider_vc alias=&#8221;home&#8221;][\/vc_column][\/vc_row][vc_row css_animation=&#8221;&#8221; row_type=&#8221;row&#8221; use_row_as_full_screen_section=&#8221;no&#8221; type=&#8221;full_width&#8221; angled_section=&#8221;no&#8221; text_align=&#8221;left&#8221; background_image_as_pattern=&#8221;without_pattern&#8221;][vc_column][vc_empty_space height=&#8221;45px&#8221;][\/vc_column][\/vc_row][vc_row css_animation=&#8221;&#8221; row_type=&#8221;row&#8221; use_row_as_full_screen_section=&#8221;no&#8221; type=&#8221;grid&#8221; angled_section=&#8221;no&#8221; text_align=&#8221;left&#8221; background_image_as_pattern=&#8221;without_pattern&#8221; z_index=&#8221;&#8221;][vc_column width=&#8221;1\/2&#8243;][vc_empty_space]<a  itemprop=\"url\" href=\"https:\/\/www.voceorgano.be\/nl\/tickets\/\" target=\"_self\"  class=\"qbutton  default\" style=\"\">BESTEL UW CD !<\/a>[vc_empty_space]<a  itemprop=\"url\" href=\"https:\/\/www.billetweb.fr\/pro\/intramuros\" target=\"_self\"  class=\"qbutton  default\" style=\"\">KOOP HIER UW CONCERTKAARTJES !<\/a>[vc_empty_space][vc_column_text css=&#8221;&#8221;]<\/p>\n<div class=\"x11i5rnm xat24cr x1mh8g0r x1vvkbs xtlvy1s x126k92a\">\n<div dir=\"auto\">\n<h1>EXPERIENCING VIBRATIONS WITH BUXTEHUDE<\/h1>\n<\/div>\n<\/div>\n<div class=\"x11i5rnm xat24cr x1mh8g0r x1vvkbs xtlvy1s x126k92a\">\n<div dir=\"auto\">\n<p>&nbsp;<\/p>\n<p><strong>&gt;&gt;&gt; NIEUWE CD opname getekend Arnaud VAN DE CAUTER<\/strong><\/p>\n<p><strong>op het historische SCHNITGER orgel (1688) in Norden (D)<\/strong><\/p>\n<p><strong>Werken voor orgel van Dietrich BUXTEHUDE (1637-1707)<\/strong><\/p>\n<\/div>\n<\/div>\n<p><strong><em>\u00ab\u00a0Experiencing vibrations with Buxtehude\u00a0\u00bb<\/em><\/strong><\/p>\n<p>&nbsp;<\/p>\n<p>\u00ab\u00a0C\u2019est en musicien, enseignant en Somatic Experiencing et en NARM (traitement des traumatismes du d\u00e9veloppement) et th\u00e9rapeute ayant con\u00e7u une \u00ab approche exp\u00e9rientielle de la pratique artistique associant prise de conscience corporelle, pleine conscience et gestion du stress \u00bb, qu\u2019Arnaud Van de Cauter, professeur aux conservatoires de Li\u00e8ge (orgue) et de Mons (Formation Corporelle) a con\u00e7u ce somptueux programme Buxtehude : \u00ab\u00a0<em>Tr\u00e8s t\u00f4t, je me suis mis en qu\u00eate de la vibration qui touche, qui \u00e9l\u00e8ve, qui transforme. [\u2026] La force vibratoire de cet instrument, \u0153uvre du g\u00e9nial Arp Schnitger (1688), m\u2019a profond\u00e9ment touch\u00e9.<\/em>\u00a0\u00bb Vibrant, ce CD l\u2019est intens\u00e9ment, donnant un sentiment de pl\u00e9nitude et de libert\u00e9 communicatives, faisant sonner le Schnitger id\u00e9alement. Pur bonheur.\u00a0\u00bb\u00a0 (Michel Roubinet)<\/p>\n<p>&nbsp;<\/p>\n<p>Paraty 202513 | Productie: Voce et Organo vzw | met de steun van<em> Fonds patrimonium van de Koning Boudewijnstichting<\/em><\/p>\n<p>Programma van de CD <a href=\"https:\/\/www.voceorgano.be\/wp-content\/uploads\/2025\/09\/contenu-CD-Buxtehude.pdf\"><strong>hier\u00a0<\/strong><\/a><\/p>\n<div class=\"x11i5rnm xat24cr x1mh8g0r x1vvkbs xtlvy1s x126k92a\">\n<div dir=\"auto\">\n<p><strong>&gt;&gt;&gt; Infos <a href=\"https:\/\/www.voceorgano.be\/nl\/experiencing-vibrations-with-buxtehude-2025\/\">hier<\/a><\/strong><\/p>\n<\/div>\n<\/div>\n<p>&nbsp;<\/p>\n<div class=\"x11i5rnm xat24cr x1mh8g0r x1vvkbs xtlvy1s x126k92a\">\n<div dir=\"auto\">\n<h1>PROGRAMMATIE VOCE &amp; ORGANO 2026<\/h1>\n<p>&nbsp;<\/p>\n<\/div>\n<p><strong>&gt;&gt;&gt; Vrijdag 10 april 2026 | 20u00 |<\/strong><strong><em>\u00ab The sound of Bruegel \u00bb<\/em><\/strong><\/p>\n<p>Ensemble\u00a0<strong><em>Utopia<\/em><\/strong> (5 zangers)<br \/>\n<strong>Arnaud\u00a0Van\u00a0de\u00a0Cauter<\/strong>, orgel solo<\/p>\n<p>&nbsp;<\/p>\n<\/div>\n<p><strong>&gt;&gt;&gt; Zondag 17 mei 2026 | 17h00 | <\/strong><strong><em>\u201c Weerspiegelingen van Itali\u00eb : Monteverdi en zijn tijdgenoten \u00bb<\/em><\/strong><\/p>\n<p>Ensemble <strong><em>Marignan<\/em><\/strong> (20 zangers) | Directie Jo\u00ebl Hurard<br \/>\nEnsemble\u00a0<em><strong>Concerto Imperiale<\/strong>\u00a0<\/em>(4 trombones et 2 violen)<em>\u00a0|\u00a0<\/em>Directie Fabien Moulaert<br \/>\n<strong>Pascale Dossogne<\/strong>, orgel<\/p>\n<p>&nbsp;<\/p>\n<p>Infos <a href=\"https:\/\/www.voceorgano.be\/nl\/programmation-2026\/\"><strong>hier\u00a0<\/strong><\/a><\/p>\n<p>&nbsp;<\/p>\n<p dir=\"ltr\" tabindex=\"-1\" role=\"text\" data-placeholder=\"Traduction\" data-ved=\"2ahUKEwj44PaUr96SAxWOUaQEHYVHDnEQ3ewLegQIDBAW\" aria-label=\"Texte traduit\u00a0: info hier binnenkort\"><a href=\"https:\/\/www.billetweb.fr\/pro\/intramuros\"><img loading=\"lazy\" decoding=\"async\" class=\"aligncenter wp-image-4822\" src=\"https:\/\/www.voceorgano.be\/wp-content\/uploads\/2026\/03\/QR-code-billetterie-1-253x300.jpg\" alt=\"\" width=\"161\" height=\"191\" srcset=\"https:\/\/www.voceorgano.be\/wp-content\/uploads\/2026\/03\/QR-code-billetterie-1-253x300.jpg 253w, https:\/\/www.voceorgano.be\/wp-content\/uploads\/2026\/03\/QR-code-billetterie-1.jpg 309w\" sizes=\"auto, (max-width: 161px) 100vw, 161px\" \/><\/a><\/p>\n<p>&nbsp;<\/p>\n<p>&nbsp;<\/p>\n<h1>2026 met jou !<\/h1>\n<p>&nbsp;<\/p>\n<p><strong>WORD LID VAN VOCE ET ORGANO EN STEUN ONZE ACTIE\u00a0! <\/strong><\/p>\n<p>Onze vzw Voce &amp; Organo geniet totnogtoe geen structurele subsidies : de financi\u00eble bijdrage van onze leden is van zeer groot belang om onze toekomstige projecten te helpen verwezenlijken.<\/p>\n<p>U kan ons steunen door uw bijdrage te storten op rek. nr.<\/p>\n<p><strong>IBAN BE20 7512 1165 5656<\/strong>\u00a0\u00a0<strong>\u00a0BIC AXAB BE22<\/strong><\/p>\n<p>Gewoon lid : 15,00\u20ac<\/p>\n<p>Koppels : 25,00\u20ac<\/p>\n<p>Steunend lid : vanaf 30,00\u20ac<\/p>\n<p>Erelid : Vanaf 60,00\u20ac<\/p>\n<p>Alvast bedankt voor uw steun !<\/p>\n<p>Het Voce et Organo Team[\/vc_column_text][\/vc_column][vc_column width=&#8221;1\/2&#8243;][vc_column_text]<\/p>\n<h2>NEWS FACEBOOK<\/h2>\n<p>[\/vc_column_text][vc_empty_space][vc_raw_html]JTNDZGl2JTIwaWQlM0QlMjJmYi1yb290JTIyJTNFJTNDJTJGZGl2JTNFJTBBJTNDc2NyaXB0JTNFJTI4ZnVuY3Rpb24lMjhkJTJDJTIwcyUyQyUyMGlkJTI5JTIwJTdCJTBBJTIwJTIwdmFyJTIwanMlMkMlMjBmanMlMjAlM0QlMjBkLmdldEVsZW1lbnRzQnlUYWdOYW1lJTI4cyUyOSU1QjAlNUQlM0IlMEElMjAlMjBpZiUyMCUyOGQuZ2V0RWxlbWVudEJ5SWQlMjhpZCUyOSUyOSUyMHJldHVybiUzQiUwQSUyMCUyMGpzJTIwJTNEJTIwZC5jcmVhdGVFbGVtZW50JTI4cyUyOSUzQiUyMGpzLmlkJTIwJTNEJTIwaWQlM0IlMEElMjAlMjBqcy5zcmMlMjAlM0QlMjAlMjdodHRwcyUzQSUyRiUyRmNvbm5lY3QuZmFjZWJvb2submV0JTJGZnJfRlIlMkZzZGsuanMlMjN4ZmJtbCUzRDElMjZ2ZXJzaW9uJTNEdjIuMTIlMjZhcHBJZCUzRDE5ODQzNDY4MzUxMTE3MSUyNmF1dG9Mb2dBcHBFdmVudHMlM0QxJTI3JTNCJTBBJTIwJTIwZmpzLnBhcmVudE5vZGUuaW5zZXJ0QmVmb3JlJTI4anMlMkMlMjBmanMlMjklM0IlMEElN0QlMjhkb2N1bWVudCUyQyUyMCUyN3NjcmlwdCUyNyUyQyUyMCUyN2ZhY2Vib29rLWpzc2RrJTI3JTI5JTI5JTNCJTNDJTJGc2NyaXB0JTNFJTBBJTNDZGl2JTIwY2xhc3MlM0QlMjJmYi1wYWdlJTIyJTIwZGF0YS1ocmVmJTNEJTIyaHR0cHMlM0ElMkYlMkZ3d3cuZmFjZWJvb2suY29tJTJGdm9jZW9yZ2FubyUyRiUyMiUyMGRhdGEtdGFicyUzRCUyMnRpbWVsaW5lJTIyJTIwZGF0YS13aWR0aCUzRCUyMjUwMCUyMiUyMGRhdGEtc21hbGwtaGVhZGVyJTNEJTIyZmFsc2UlMjIlMjBkYXRhLWFkYXB0LWNvbnRhaW5lci13aWR0aCUzRCUyMnRydWUlMjIlMjBkYXRhLWhpZGUtY292ZXIlM0QlMjJmYWxzZSUyMiUyMGRhdGEtc2hvdy1mYWNlcGlsZSUzRCUyMmZhbHNlJTIyJTNFJTNDYmxvY2txdW90ZSUyMGNpdGUlM0QlMjJodHRwcyUzQSUyRiUyRnd3dy5mYWNlYm9vay5jb20lMkZ2b2Nlb3JnYW5vJTJGJTIyJTIwY2xhc3MlM0QlMjJmYi14ZmJtbC1wYXJzZS1pZ25vcmUlMjIlM0UlM0NhJTIwaHJlZiUzRCUyMmh0dHBzJTNBJTJGJTJGd3d3LmZhY2Vib29rLmNvbSUyRnZvY2Vvcmdhbm8lMkYlMjIlM0VWb2NlJTIwZXQlMjBPcmdhbm8lM0MlMkZhJTNFJTNDJTJGYmxvY2txdW90ZSUzRSUzQyUyRmRpdiUzRQ==[\/vc_raw_html][\/vc_column][\/vc_row][vc_row css_animation=&#8221;&#8221; row_type=&#8221;row&#8221; use_row_as_full_screen_section=&#8221;no&#8221; type=&#8221;full_width&#8221; angled_section=&#8221;no&#8221; text_align=&#8221;left&#8221; background_image_as_pattern=&#8221;without_pattern&#8221;][vc_column][vc_empty_space][vc_column_text css=&#8221;&#8221;]<\/p>\n<div align=\"center\"><video autoplay=\"autoplay\" width=\"1120\" height=\"630\"><source src=\"https:\/\/voceorgano.be\/Experiencing-Vibrations-With-Buxtehude.mp4\" type=\"video\/mp4\" \/>Votre navigateur ne supporte pas la vid\u00e9o.<\/video><\/div>\n<p>[\/vc_column_text][\/vc_column][\/vc_row][vc_row row_type=&#8221;parallax&#8221; parallax_content_width=&#8221;full_width&#8221; text_align=&#8221;left&#8221; background_image=&#8221;1378&#8243; full_screen_section_height=&#8221;no&#8221; section_height=&#8221;350px&#8221;][vc_column][vc_row_inner row_type=&#8221;row&#8221; type=&#8221;grid&#8221; text_align=&#8221;left&#8221; css_animation=&#8221;&#8221; css=&#8221;.vc_custom_1526028012886{padding-top: 40px !important;padding-bottom: 40px !important;}&#8221;][vc_column_inner offset=&#8221;vc_col-lg-offset-0 vc_col-lg-6 vc_col-md-offset-1 vc_col-md-10 vc_col-sm-offset-0 vc_col-xs-12&#8243; css=&#8221;.vc_custom_1526027758834{background-position: center !important;background-repeat: no-repeat !important;background-size: cover !important;}&#8221;][qode_elements_holder number_of_columns=&#8221;one_column&#8221;][qode_elements_holder_item vertical_alignment=&#8221;middle&#8221; horizontal_alignment=&#8221;center&#8221; advanced_animations=&#8221;no&#8221; item_padding_1280_1440=&#8221;111px 0 150px 0&#8243; item_padding_1024_1280=&#8221;112px 0 148px 0&#8243; item_padding_768_1024=&#8221;105px 0 141px 0&#8243; item_padding_600_768=&#8221;105px 0 141px 0&#8243; item_padding_480_600=&#8221;0 0 0 0&#8243; item_padding_480=&#8221;0 0 0 0&#8243;][vc_column_text]<\/p>\n<div style=\"width: 1060px;\" class=\"wp-video\"><!--[if lt IE 9]><script>document.createElement('video');<\/script><![endif]-->\n<video class=\"wp-video-shortcode\" id=\"video-1664-1\" width=\"1060\" height=\"596\" preload=\"metadata\" controls=\"controls\"><source type=\"video\/mp4\" src=\"http:\/\/www.voceorgano.be\/wp-content\/uploads\/2018\/05\/orgue.mp4?_=1\" \/><a href=\"http:\/\/www.voceorgano.be\/wp-content\/uploads\/2018\/05\/orgue.mp4\">http:\/\/www.voceorgano.be\/wp-content\/uploads\/2018\/05\/orgue.mp4<\/a><\/video><\/div>\n<p>[\/vc_column_text][\/qode_elements_holder_item][\/qode_elements_holder][\/vc_column_inner][vc_column_inner offset=&#8221;vc_col-lg-offset-0 vc_col-lg-6 vc_col-md-offset-0 vc_col-md-12 vc_col-sm-offset-0 vc_col-xs-12&#8243;][qode_elements_holder number_of_columns=&#8221;one_column&#8221;][qode_elements_holder_item item_padding=&#8221;5px&#8221; advanced_animations=&#8221;no&#8221; item_padding_1280_1440=&#8221;5px&#8221; item_padding_1024_1280=&#8221;5px&#8221; item_padding_768_1024=&#8221;5px&#8221; item_padding_600_768=&#8221;5px&#8221; item_padding_480_600=&#8221;0 0 0 0&#8243; item_padding_480=&#8221;0 0 0 0&#8243;][vc_column_text css=&#8221;.vc_custom_1526049781444{padding-top: 30% !important;}&#8221; el_class=&#8221;5px 0px 0 61px&#8221;]<\/p>\n<h1><span style=\"color: #ffffff;\">D\u00e9montage,<\/span><\/h1>\n<h1><span style=\"color: #ffffff;\">&amp; transport de l&#8217;orgue<\/span><\/h1>\n<p>[\/vc_column_text][\/qode_elements_holder_item][\/qode_elements_holder][\/vc_column_inner][\/vc_row_inner][\/vc_column][\/vc_row][vc_row css_animation=&#8221;&#8221; row_type=&#8221;row&#8221; use_row_as_full_screen_section=&#8221;no&#8221; type=&#8221;grid&#8221; angled_section=&#8221;no&#8221; text_align=&#8221;left&#8221; background_image_as_pattern=&#8221;without_pattern&#8221; css=&#8221;.vc_custom_1522170948278{padding-top: 44px !important;padding-bottom: 32px !important;}&#8221; z_index=&#8221;&#8221;][vc_column offset=&#8221;vc_col-lg-6 vc_col-md-12 vc_col-xs-12&#8243;][qode_elements_holder number_of_columns=&#8221;one_column&#8221;][qode_elements_holder_item item_padding=&#8221;0&#8243; advanced_animations=&#8221;no&#8221; item_padding_1280_1440=&#8221;0 0 0 0&#8243; item_padding_1024_1280=&#8221;0 0 0 0&#8243;][vc_column_text]<\/p>\n<h2>Nous soutenir<\/h2>\n<p>[\/vc_column_text][vc_separator type=&#8221;small&#8221; position=&#8221;left&#8221; color=&#8221;#131313&#8243; width=&#8221;9&#8243; width_in_percentages=&#8221;yes&#8221; up=&#8221;20&#8243; down=&#8221;20&#8243;][vc_row_inner row_type=&#8221;row&#8221; type=&#8221;full_width&#8221; text_align=&#8221;left&#8221; css_animation=&#8221;&#8221;][vc_column_inner width=&#8221;1\/2&#8243;][vc_single_image image=&#8221;4312&#8243; img_size=&#8221;full&#8221; qode_css_animation=&#8221;&#8221;][\/vc_column_inner][vc_column_inner width=&#8221;1\/2&#8243;][vc_single_image image=&#8221;4784&#8243; img_size=&#8221;full&#8221; qode_css_animation=&#8221;&#8221;][\/vc_column_inner][\/vc_row_inner][\/qode_elements_holder_item][\/qode_elements_holder][\/vc_column][vc_column offset=&#8221;vc_col-lg-6 vc_col-md-12 vc_col-xs-12&#8243;][qode_elements_holder number_of_columns=&#8221;one_column&#8221;][qode_elements_holder_item item_padding=&#8221;0 0 0 0&#8243; advanced_animations=&#8221;no&#8221; item_padding_768_1024=&#8221;50px 0 0 0&#8243; item_padding_600_768=&#8221;50px 0 0 0&#8243;][vc_empty_space height=&#8221;58px&#8221;][vc_column_text css=&#8221;&#8221;]<strong>WORD LID VAN VOCE ET ORGANO EN STEUN ONZE ACTIE\u00a0! <\/strong><\/p>\n<p>&nbsp;<\/p>\n<p>Onze vzw Voce &amp; Organo geniet totnogtoe geen structurele subsidies : de financi\u00eble bijdrage van onze leden is van zeer groot belang om onze toekomstige projecten te helpen verwezenlijken.<\/p>\n<p>U kan ons steunen door uw bijdrage te storten op rek. nr.<\/p>\n<p><strong>IBAN BE20 7512 1165 5656<\/strong>\u00a0\u00a0<strong>\u00a0BIC AXAB BE22<\/strong><\/p>\n<p>Gewoon lid : 15,00\u20ac<\/p>\n<p>Koppels : 25,00\u20ac<\/p>\n<p>Steunend lid : vanaf 30,00\u20ac<\/p>\n<p>Erelid : Vanaf 60,00\u20ac<\/p>\n<p>Alvast bedankt voor uw steun !<\/p>\n<p>Het Voce et Organo Team[\/vc_column_text][\/qode_elements_holder_item][\/qode_elements_holder][\/vc_column][\/vc_row]<\/p>\n<\/div>","protected":false},"excerpt":{"rendered":"<p>[vc_row css_animation=&#8221;&#8221; row_type=&#8221;row&#8221; use_row_as_full_screen_section=&#8221;no&#8221; type=&#8221;full_width&#8221; angled_section=&#8221;no&#8221; text_align=&#8221;left&#8221; background_image_as_pattern=&#8221;without_pattern&#8221;][vc_column][rev_slider_vc alias=&#8221;home&#8221;][\/vc_column][\/vc_row][vc_row css_animation=&#8221;&#8221; row_type=&#8221;row&#8221; use_row_as_full_screen_section=&#8221;no&#8221; type=&#8221;full_width&#8221; angled_section=&#8221;no&#8221; text_align=&#8221;left&#8221; background_image_as_pattern=&#8221;without_pattern&#8221;][vc_column][vc_empty_space height=&#8221;45px&#8221;][\/vc_column][\/vc_row][vc_row css_animation=&#8221;&#8221; row_type=&#8221;row&#8221; use_row_as_full_screen_section=&#8221;no&#8221; type=&#8221;grid&#8221; angled_section=&#8221;no&#8221; text_align=&#8221;left&#8221; background_image_as_pattern=&#8221;without_pattern&#8221; z_index=&#8221;&#8221;][vc_column width=&#8221;1\/2&#8243;][vc_empty_space][vc_empty_space][vc_empty_space][vc_column_text css=&#8221;&#8221;] EXPERIENCING VIBRATIONS WITH BUXTEHUDE &nbsp; &gt;&gt;&gt; NIEUWE CD opname getekend Arnaud VAN DE CAUTER op het historische SCHNITGER&#8230;<\/p>\n","protected":false},"author":1,"featured_media":0,"parent":0,"menu_order":0,"comment_status":"closed","ping_status":"closed","template":"full_width.php","meta":{"footnotes":""},"class_list":["post-1664","page","type-page","status-publish","hentry"],"_links":{"self":[{"href":"https:\/\/www.voceorgano.be\/nl\/wp-json\/wp\/v2\/pages\/1664","targetHints":{"allow":["GET"]}}],"collection":[{"href":"https:\/\/www.voceorgano.be\/nl\/wp-json\/wp\/v2\/pages"}],"about":[{"href":"https:\/\/www.voceorgano.be\/nl\/wp-json\/wp\/v2\/types\/page"}],"author":[{"embeddable":true,"href":"https:\/\/www.voceorgano.be\/nl\/wp-json\/wp\/v2\/users\/1"}],"replies":[{"embeddable":true,"href":"https:\/\/www.voceorgano.be\/nl\/wp-json\/wp\/v2\/comments?post=1664"}],"version-history":[{"count":94,"href":"https:\/\/www.voceorgano.be\/nl\/wp-json\/wp\/v2\/pages\/1664\/revisions"}],"predecessor-version":[{"id":4896,"href":"https:\/\/www.voceorgano.be\/nl\/wp-json\/wp\/v2\/pages\/1664\/revisions\/4896"}],"wp:attachment":[{"href":"https:\/\/www.voceorgano.be\/nl\/wp-json\/wp\/v2\/media?parent=1664"}],"curies":[{"name":"wp","href":"https:\/\/api.w.org\/{rel}","templated":true}]}}