{"id":1619,"date":"2018-04-18T14:45:36","date_gmt":"2018-04-18T12:45:36","guid":{"rendered":"http:\/\/www.voceorgano.be\/peeter-cornet-oeuvre-pour-orgue\/"},"modified":"2018-05-23T14:20:37","modified_gmt":"2018-05-23T12:20:37","slug":"peeter-cornet-orgelwerken","status":"publish","type":"page","link":"https:\/\/www.voceorgano.be\/nl\/peeter-cornet-orgelwerken\/","title":{"rendered":"PEETER CORNET: ORGELWERKEN"},"content":{"rendered":"<div class=\"wpb-content-wrapper\"><p>[vc_row row_type=&#8221;parallax&#8221; parallax_content_width=&#8221;full_width&#8221; text_align=&#8221;left&#8221; background_image=&#8221;827&#8243; full_screen_section_height=&#8221;no&#8221; section_height=&#8221;500&#8243;][vc_column][\/vc_column][\/vc_row][vc_row css_animation=&#8221;&#8221; row_type=&#8221;row&#8221; use_row_as_full_screen_section=&#8221;no&#8221; type=&#8221;grid&#8221; angled_section=&#8221;no&#8221; text_align=&#8221;left&#8221; background_image_as_pattern=&#8221;without_pattern&#8221; z_index=&#8221;&#8221;][vc_column width=&#8221;1\/4&#8243;][vc_empty_space][vc_single_image image=&#8221;482&#8243; img_size=&#8221;full&#8221; qode_css_animation=&#8221;&#8221;][vc_column_text]<\/p>\n<p><strong>Salve Regina<\/strong><\/p>\n<p>&nbsp;<\/p>\n<!--[if lt IE 9]><script>document.createElement('audio');<\/script><![endif]-->\n<audio class=\"wp-audio-shortcode\" id=\"audio-1619-1\" preload=\"none\" style=\"width: 100%;\" controls=\"controls\"><source type=\"audio\/mpeg\" src=\"http:\/\/www.voceorgano.be\/wp-content\/uploads\/2018\/05\/Arnaud-Van-De-Cauter-Cornet-Ad-Te-Clamamus-Mmn10.mp3?_=1\" \/><a href=\"http:\/\/www.voceorgano.be\/wp-content\/uploads\/2018\/05\/Arnaud-Van-De-Cauter-Cornet-Ad-Te-Clamamus-Mmn10.mp3\">http:\/\/www.voceorgano.be\/wp-content\/uploads\/2018\/05\/Arnaud-Van-De-Cauter-Cornet-Ad-Te-Clamamus-Mmn10.mp3<\/a><\/audio>\n<p><strong><br \/>\nAria del Granduca<\/strong><\/p>\n<p>&nbsp;<\/p>\n<audio class=\"wp-audio-shortcode\" id=\"audio-1619-2\" preload=\"none\" style=\"width: 100%;\" controls=\"controls\"><source type=\"audio\/mpeg\" src=\"http:\/\/www.voceorgano.be\/wp-content\/uploads\/2018\/05\/aria.mp3?_=2\" \/><a href=\"http:\/\/www.voceorgano.be\/wp-content\/uploads\/2018\/05\/aria.mp3\">http:\/\/www.voceorgano.be\/wp-content\/uploads\/2018\/05\/aria.mp3<\/a><\/audio>\n<p>[\/vc_column_text][\/vc_column][vc_column width=&#8221;3\/4&#8243;][vc_empty_space][vc_column_text]<\/p>\n<h1>PEETER CORNET: ORGELWERKEN<\/h1>\n<p>&nbsp;<\/p>\n<p>Deze CD opname is een dubbele premiere aangezien de bespeelde instrumenten voor de eerste keer opgenomen zijn.<\/p>\n<p>Het orgel van Nielles-les-Ardres (F), in Frans Vlaanderen, werd gebouwd in 1696 door orgelbouwer Guillaume VAN BELLE, van Ieper (B) en gerestaureerd in 2005 door Pierre DECOURCELLE uit Doornik.<\/p>\n<p>Het orgel van de Elzenveldkapel te Antwerpen (B) is een reconstructie door de &#8220;Manufacture d&#8217;Orgues THOMAS&#8221; (Ster Francorchamps) naar het orgel gebouwd te Aarschot (B) in 1646 door Jan BREMSER. Het instrument werd ingehuldigd in 2008.<\/p>\n<p>Deze twee instrumenten, zeldzame getuigen van een kwalitatiefhoogstaande orgelmanufactuur, zijn tegelijkertijd verschillend en complementair: twee juweeltjes in middentoonstemming met een typisch vlaamse klankkleur geven op een niet te evenaren manier de rijkdom weer van dit luisterrijk repertoire.<\/p>\n<p>Peeter CORNET was organist van de kapel van de Aartshertogen Albrecht en Isabella aan het Spaanse hof van Brussel vanaf het begin van de XVIIde eeuw tot aan zijn dood in 1633 (hij werd begraven in de Onze-Lieve-Vrouw ter Zavelkerk te Brussel).<\/p>\n<p>Het oeuvre van CORNET onderging verschillende invloeden (italiaanse, spaanse, engelse, &#8230;) die getuigen dat Brussel destijds reeds de rol vervulde van een werkelijke hoofdstad van Europa. De eigenheid van CORNET zal zich uiten in de vrijheid waarmede hij de samenstellende delen behandelt en in het onvoorziene karakter van zijn ontwikkelingen. In feite getuigt dit thematische werk van een meesterlijke schriftuur die uitmondt in werken waarin het ge\u00efmproviseerd en virtuoos karakter altijd de bovenhand haalt op het formele van de compositie. Deze fantasierijke toondichter behoort tot de grootste geni\u00ebn zijner tijd, aan de zijde van SWEELINCK, FRESCOBALDI, ARAUXO, SCHEIDT of TITELOUZE&#8230; De beluistering van de muziek van Peeter CORNET laat geen twijfel bestaan: de Brusselse musicus is geheel waardig in dit illuster gezelschap te staan en behoort dus tot de grote figuren van de orgelliteratuur.<\/p>\n<p>Label Paraty (F)<\/p>\n<p>met de steun van de &#8220;Communaut\u00e9 Fran\u00e7aise de Belgique&#8221; en DEXIA[\/vc_column_text][\/vc_column][\/vc_row][vc_row css_animation=&#8221;&#8221; row_type=&#8221;row&#8221; use_row_as_full_screen_section=&#8221;no&#8221; type=&#8221;grid&#8221; angled_section=&#8221;no&#8221; text_align=&#8221;left&#8221; background_image_as_pattern=&#8221;without_pattern&#8221; z_index=&#8221;&#8221;][vc_column][vc_empty_space][vc_column_text]<\/p>\n<h2>DE PERS<\/h2>\n<p><strong>Fr\u00e9d\u00e9ric Mu\u00f1oz <\/strong>(23\/04\/2009)<br \/>\n[Deze opname] hijst zich tot op het hoogste niveau. (&#8230;) De organist Arnaud Van de Cauter geeft blijk helemaal vertrouwd te zijn met dit oeuvre. (&#8230;) Peeter Cornet klinkt in glorie voor onze oren en onze geest van vreugde vervuld.<\/p>\n<p><a href=\"http:\/\/www.resmusica.com\/list_articles.php3?ctri=162\" target=\"_blank\" rel=\"noopener\">http:\/\/www.resmusica.com\/list_articles.php3?ctri=162<\/a><\/p>\n<p><strong><br \/>\nCamille de Joyeuse<\/strong> (04\/05\/2009)<br \/>\nHet oeuvre van P. Cornet (ca. 1575-1633), een openbaring onder de handtekening van zijn vertolker Arnaud Van de Cauter, weerspiegelt de kruisbestuiving in vogue aan het hof van de Aartshertogen Albrecht en Isabella. Deze orgelintegrale van een componist van de vroeg-barok, voorloper van Bach, behaalt de voorscene.<\/p>\n<p>De herscheppende virtuositeit van het gebaar van Arnaud Van de Cauter voldoet om deze dubbelalbum te rechtvaardigen : zowel zijn rhetorische welsprekenheid als zijn zin voor \u2018dramatische muzikale opbouw\u2019 boezemen ontzag in. De waarde van het brusselse muziekpatrimonium op deze wijze onthuld en behartigt met elegantie vermeerdert wederom de kwaliteit van deze dubbelalbum, voortaan onmisbaar.<\/p>\n<p><a href=\"http:\/\/www.classiquenews.com\/ecouter\/lire_chronique_cd.aspx?id=907\" target=\"_blank\" rel=\"noopener\">http:\/\/www.classiquenews.com\/ecouter\/lire_chronique_cd.aspx?id=907<\/a>[\/vc_column_text][vc_empty_space][\/vc_column][\/vc_row][vc_row css_animation=&#8221;&#8221; row_type=&#8221;row&#8221; use_row_as_full_screen_section=&#8221;no&#8221; type=&#8221;full_width&#8221; angled_section=&#8221;no&#8221; text_align=&#8221;left&#8221; background_image_as_pattern=&#8221;without_pattern&#8221;][vc_column][vc_empty_space][\/vc_column][\/vc_row]<\/p>\n<\/div>","protected":false},"excerpt":{"rendered":"<p>[vc_row row_type=&#8221;parallax&#8221; parallax_content_width=&#8221;full_width&#8221; text_align=&#8221;left&#8221; background_image=&#8221;827&#8243; full_screen_section_height=&#8221;no&#8221; section_height=&#8221;500&#8243;][vc_column][\/vc_column][\/vc_row][vc_row css_animation=&#8221;&#8221; row_type=&#8221;row&#8221; use_row_as_full_screen_section=&#8221;no&#8221; type=&#8221;grid&#8221; angled_section=&#8221;no&#8221; text_align=&#8221;left&#8221; background_image_as_pattern=&#8221;without_pattern&#8221; z_index=&#8221;&#8221;][vc_column width=&#8221;1\/4&#8243;][vc_empty_space][vc_single_image image=&#8221;482&#8243; img_size=&#8221;full&#8221; qode_css_animation=&#8221;&#8221;][vc_column_text] Salve Regina &nbsp; Aria del Granduca &nbsp; [\/vc_column_text][\/vc_column][vc_column width=&#8221;3\/4&#8243;][vc_empty_space][vc_column_text] PEETER CORNET: ORGELWERKEN &nbsp; Deze CD opname is een dubbele premiere aangezien de bespeelde instrumenten voor de&#8230;<\/p>\n","protected":false},"author":1,"featured_media":0,"parent":0,"menu_order":0,"comment_status":"closed","ping_status":"closed","template":"full_width.php","meta":{"footnotes":""},"class_list":["post-1619","page","type-page","status-publish","hentry"],"_links":{"self":[{"href":"https:\/\/www.voceorgano.be\/nl\/wp-json\/wp\/v2\/pages\/1619","targetHints":{"allow":["GET"]}}],"collection":[{"href":"https:\/\/www.voceorgano.be\/nl\/wp-json\/wp\/v2\/pages"}],"about":[{"href":"https:\/\/www.voceorgano.be\/nl\/wp-json\/wp\/v2\/types\/page"}],"author":[{"embeddable":true,"href":"https:\/\/www.voceorgano.be\/nl\/wp-json\/wp\/v2\/users\/1"}],"replies":[{"embeddable":true,"href":"https:\/\/www.voceorgano.be\/nl\/wp-json\/wp\/v2\/comments?post=1619"}],"version-history":[{"count":3,"href":"https:\/\/www.voceorgano.be\/nl\/wp-json\/wp\/v2\/pages\/1619\/revisions"}],"predecessor-version":[{"id":1622,"href":"https:\/\/www.voceorgano.be\/nl\/wp-json\/wp\/v2\/pages\/1619\/revisions\/1622"}],"wp:attachment":[{"href":"https:\/\/www.voceorgano.be\/nl\/wp-json\/wp\/v2\/media?parent=1619"}],"curies":[{"name":"wp","href":"https:\/\/api.w.org\/{rel}","templated":true}]}}