{"id":1611,"date":"2018-04-18T14:41:42","date_gmt":"2018-04-18T12:41:42","guid":{"rendered":"http:\/\/www.voceorgano.be\/demontage-et-montage\/"},"modified":"2018-05-23T14:12:33","modified_gmt":"2018-05-23T12:12:33","slug":"demontage-en-transport","status":"publish","type":"page","link":"https:\/\/www.voceorgano.be\/nl\/demontage-en-transport\/","title":{"rendered":"Demontage en transport"},"content":{"rendered":"<div class=\"wpb-content-wrapper\"><p>[vc_row row_type=&#8221;parallax&#8221; parallax_content_width=&#8221;in_grid&#8221; text_align=&#8221;left&#8221; background_image=&#8221;967&#8243; full_screen_section_height=&#8221;no&#8221; section_height=&#8221;500&#8243;][vc_column][\/vc_column][\/vc_row][vc_row css_animation=&#8221;&#8221; row_type=&#8221;row&#8221; use_row_as_full_screen_section=&#8221;no&#8221; type=&#8221;grid&#8221; angled_section=&#8221;no&#8221; text_align=&#8221;left&#8221; background_image_as_pattern=&#8221;without_pattern&#8221; z_index=&#8221;&#8221;][vc_column][vc_empty_space][vc_column_text]<\/p>\n<h2>Demontage en transport<\/h2>\n<p>[\/vc_column_text][vc_empty_space][vc_column_text]<\/p>\n<h2>Video<\/h2>\n<p>[\/vc_column_text][vc_empty_space height=&#8221;12px&#8221;][vc_column_text]<\/p>\n<div style=\"width: 1060px;\" class=\"wp-video\"><!--[if lt IE 9]><script>document.createElement('video');<\/script><![endif]-->\n<video class=\"wp-video-shortcode\" id=\"video-1611-1\" width=\"1060\" height=\"596\" preload=\"metadata\" controls=\"controls\"><source type=\"video\/mp4\" src=\"http:\/\/www.voceorgano.be\/wp-content\/uploads\/2018\/05\/orgue.mp4?_=1\" \/><a href=\"http:\/\/www.voceorgano.be\/wp-content\/uploads\/2018\/05\/orgue.mp4\">http:\/\/www.voceorgano.be\/wp-content\/uploads\/2018\/05\/orgue.mp4<\/a><\/video><\/div>\n<p>[\/vc_column_text][vc_empty_space][vc_column_text]<\/p>\n<h2>Fotos<\/h2>\n<p>[\/vc_column_text][vc_empty_space height=&#8221;12px&#8221;][vc_column_text]<\/p>\n\n\t\t<style type=\"text\/css\">\n\t\t\t#gallery-1 {\n\t\t\t\tmargin: auto;\n\t\t\t}\n\t\t\t#gallery-1 .gallery-item {\n\t\t\t\tfloat: left;\n\t\t\t\tmargin-top: 10px;\n\t\t\t\ttext-align: center;\n\t\t\t\twidth: 14%;\n\t\t\t}\n\t\t\t#gallery-1 img {\n\t\t\t\tborder: 2px solid #cfcfcf;\n\t\t\t}\n\t\t\t#gallery-1 .gallery-caption {\n\t\t\t\tmargin-left: 0;\n\t\t\t}\n\t\t\t\/* see gallery_shortcode() in wp-includes\/media.php *\/\n\t\t<\/style>\n\t\t<div id='gallery-1' class='gallery galleryid-1611 gallery-columns-7 gallery-size-thumbnail'><dl class='gallery-item'>\n\t\t\t<dt class='gallery-icon portrait'>\n\t\t\t\t<a href='https:\/\/www.voceorgano.be\/wp-content\/uploads\/2018\/05\/01.5581-les-caisses-de-transport.jpg'><img loading=\"lazy\" decoding=\"async\" width=\"150\" height=\"150\" src=\"https:\/\/www.voceorgano.be\/wp-content\/uploads\/2018\/05\/01.5581-les-caisses-de-transport-150x150.jpg\" class=\"attachment-thumbnail size-thumbnail\" alt=\"\" srcset=\"https:\/\/www.voceorgano.be\/wp-content\/uploads\/2018\/05\/01.5581-les-caisses-de-transport-150x150.jpg 150w, https:\/\/www.voceorgano.be\/wp-content\/uploads\/2018\/05\/01.5581-les-caisses-de-transport-570x570.jpg 570w, https:\/\/www.voceorgano.be\/wp-content\/uploads\/2018\/05\/01.5581-les-caisses-de-transport-500x500.jpg 500w, https:\/\/www.voceorgano.be\/wp-content\/uploads\/2018\/05\/01.5581-les-caisses-de-transport-1000x1000.jpg 1000w\" sizes=\"auto, (max-width: 150px) 100vw, 150px\" \/><\/a>\n\t\t\t<\/dt><\/dl><dl class='gallery-item'>\n\t\t\t<dt class='gallery-icon portrait'>\n\t\t\t\t<a href='https:\/\/www.voceorgano.be\/wp-content\/uploads\/2018\/05\/02.5578-lorgue-dans-l\u00e9glise.jpg'><img loading=\"lazy\" decoding=\"async\" width=\"150\" height=\"150\" src=\"https:\/\/www.voceorgano.be\/wp-content\/uploads\/2018\/05\/02.5578-lorgue-dans-l\u00e9glise-150x150.jpg\" class=\"attachment-thumbnail size-thumbnail\" alt=\"\" srcset=\"https:\/\/www.voceorgano.be\/wp-content\/uploads\/2018\/05\/02.5578-lorgue-dans-l\u00e9glise-150x150.jpg 150w, https:\/\/www.voceorgano.be\/wp-content\/uploads\/2018\/05\/02.5578-lorgue-dans-l\u00e9glise-570x570.jpg 570w, https:\/\/www.voceorgano.be\/wp-content\/uploads\/2018\/05\/02.5578-lorgue-dans-l\u00e9glise-500x500.jpg 500w, https:\/\/www.voceorgano.be\/wp-content\/uploads\/2018\/05\/02.5578-lorgue-dans-l\u00e9glise-1000x1000.jpg 1000w\" sizes=\"auto, (max-width: 150px) 100vw, 150px\" \/><\/a>\n\t\t\t<\/dt><\/dl><dl class='gallery-item'>\n\t\t\t<dt class='gallery-icon portrait'>\n\t\t\t\t<a href='https:\/\/www.voceorgano.be\/wp-content\/uploads\/2018\/05\/03.-5579-enlever-le-chapiteau.jpg'><img loading=\"lazy\" decoding=\"async\" width=\"150\" height=\"150\" src=\"https:\/\/www.voceorgano.be\/wp-content\/uploads\/2018\/05\/03.-5579-enlever-le-chapiteau-150x150.jpg\" class=\"attachment-thumbnail size-thumbnail\" alt=\"\" srcset=\"https:\/\/www.voceorgano.be\/wp-content\/uploads\/2018\/05\/03.-5579-enlever-le-chapiteau-150x150.jpg 150w, https:\/\/www.voceorgano.be\/wp-content\/uploads\/2018\/05\/03.-5579-enlever-le-chapiteau-570x570.jpg 570w, https:\/\/www.voceorgano.be\/wp-content\/uploads\/2018\/05\/03.-5579-enlever-le-chapiteau-500x500.jpg 500w, https:\/\/www.voceorgano.be\/wp-content\/uploads\/2018\/05\/03.-5579-enlever-le-chapiteau-1000x1000.jpg 1000w\" sizes=\"auto, (max-width: 150px) 100vw, 150px\" \/><\/a>\n\t\t\t<\/dt><\/dl><dl class='gallery-item'>\n\t\t\t<dt class='gallery-icon landscape'>\n\t\t\t\t<a href='https:\/\/www.voceorgano.be\/wp-content\/uploads\/2018\/05\/04.-5584-Le-chapiteau-et-le-p\u00e9dalier.jpg'><img loading=\"lazy\" decoding=\"async\" width=\"150\" height=\"150\" src=\"https:\/\/www.voceorgano.be\/wp-content\/uploads\/2018\/05\/04.-5584-Le-chapiteau-et-le-p\u00e9dalier-150x150.jpg\" class=\"attachment-thumbnail size-thumbnail\" alt=\"\" srcset=\"https:\/\/www.voceorgano.be\/wp-content\/uploads\/2018\/05\/04.-5584-Le-chapiteau-et-le-p\u00e9dalier-150x150.jpg 150w, https:\/\/www.voceorgano.be\/wp-content\/uploads\/2018\/05\/04.-5584-Le-chapiteau-et-le-p\u00e9dalier-570x570.jpg 570w, https:\/\/www.voceorgano.be\/wp-content\/uploads\/2018\/05\/04.-5584-Le-chapiteau-et-le-p\u00e9dalier-500x500.jpg 500w, https:\/\/www.voceorgano.be\/wp-content\/uploads\/2018\/05\/04.-5584-Le-chapiteau-et-le-p\u00e9dalier-1000x1000.jpg 1000w\" sizes=\"auto, (max-width: 150px) 100vw, 150px\" \/><\/a>\n\t\t\t<\/dt><\/dl><dl class='gallery-item'>\n\t\t\t<dt class='gallery-icon portrait'>\n\t\t\t\t<a href='https:\/\/www.voceorgano.be\/wp-content\/uploads\/2018\/05\/05.-5580-installer-la-palan.jpg'><img loading=\"lazy\" decoding=\"async\" width=\"150\" height=\"150\" src=\"https:\/\/www.voceorgano.be\/wp-content\/uploads\/2018\/05\/05.-5580-installer-la-palan-150x150.jpg\" class=\"attachment-thumbnail size-thumbnail\" alt=\"\" srcset=\"https:\/\/www.voceorgano.be\/wp-content\/uploads\/2018\/05\/05.-5580-installer-la-palan-150x150.jpg 150w, https:\/\/www.voceorgano.be\/wp-content\/uploads\/2018\/05\/05.-5580-installer-la-palan-570x570.jpg 570w, https:\/\/www.voceorgano.be\/wp-content\/uploads\/2018\/05\/05.-5580-installer-la-palan-500x500.jpg 500w, https:\/\/www.voceorgano.be\/wp-content\/uploads\/2018\/05\/05.-5580-installer-la-palan-1000x1000.jpg 1000w\" sizes=\"auto, (max-width: 150px) 100vw, 150px\" \/><\/a>\n\t\t\t<\/dt><\/dl><dl class='gallery-item'>\n\t\t\t<dt class='gallery-icon landscape'>\n\t\t\t\t<a href='https:\/\/www.voceorgano.be\/wp-content\/uploads\/2018\/05\/06.-5589-Grimper-la-en-haut-pour-lattache.jpg'><img loading=\"lazy\" decoding=\"async\" width=\"150\" height=\"150\" src=\"https:\/\/www.voceorgano.be\/wp-content\/uploads\/2018\/05\/06.-5589-Grimper-la-en-haut-pour-lattache-150x150.jpg\" class=\"attachment-thumbnail size-thumbnail\" alt=\"\" srcset=\"https:\/\/www.voceorgano.be\/wp-content\/uploads\/2018\/05\/06.-5589-Grimper-la-en-haut-pour-lattache-150x150.jpg 150w, https:\/\/www.voceorgano.be\/wp-content\/uploads\/2018\/05\/06.-5589-Grimper-la-en-haut-pour-lattache-570x570.jpg 570w, https:\/\/www.voceorgano.be\/wp-content\/uploads\/2018\/05\/06.-5589-Grimper-la-en-haut-pour-lattache-500x500.jpg 500w, https:\/\/www.voceorgano.be\/wp-content\/uploads\/2018\/05\/06.-5589-Grimper-la-en-haut-pour-lattache-1000x1000.jpg 1000w\" sizes=\"auto, (max-width: 150px) 100vw, 150px\" \/><\/a>\n\t\t\t<\/dt><\/dl><dl class='gallery-item'>\n\t\t\t<dt class='gallery-icon portrait'>\n\t\t\t\t<a href='https:\/\/www.voceorgano.be\/wp-content\/uploads\/2018\/05\/07.-5588-d\u00e9crocher-m\u00e9canique-p\u00e9dalier.jpg'><img loading=\"lazy\" decoding=\"async\" width=\"150\" height=\"150\" src=\"https:\/\/www.voceorgano.be\/wp-content\/uploads\/2018\/05\/07.-5588-d\u00e9crocher-m\u00e9canique-p\u00e9dalier-150x150.jpg\" class=\"attachment-thumbnail size-thumbnail\" alt=\"\" srcset=\"https:\/\/www.voceorgano.be\/wp-content\/uploads\/2018\/05\/07.-5588-d\u00e9crocher-m\u00e9canique-p\u00e9dalier-150x150.jpg 150w, https:\/\/www.voceorgano.be\/wp-content\/uploads\/2018\/05\/07.-5588-d\u00e9crocher-m\u00e9canique-p\u00e9dalier-570x570.jpg 570w, https:\/\/www.voceorgano.be\/wp-content\/uploads\/2018\/05\/07.-5588-d\u00e9crocher-m\u00e9canique-p\u00e9dalier-500x500.jpg 500w, https:\/\/www.voceorgano.be\/wp-content\/uploads\/2018\/05\/07.-5588-d\u00e9crocher-m\u00e9canique-p\u00e9dalier-1000x1000.jpg 1000w\" sizes=\"auto, (max-width: 150px) 100vw, 150px\" \/><\/a>\n\t\t\t<\/dt><\/dl><br style=\"clear: both\" \/><dl class='gallery-item'>\n\t\t\t<dt class='gallery-icon landscape'>\n\t\t\t\t<a href='https:\/\/www.voceorgano.be\/wp-content\/uploads\/2018\/05\/08.-5586-d\u00e9crocher-les-registres.jpg'><img loading=\"lazy\" decoding=\"async\" width=\"150\" height=\"150\" src=\"https:\/\/www.voceorgano.be\/wp-content\/uploads\/2018\/05\/08.-5586-d\u00e9crocher-les-registres-150x150.jpg\" class=\"attachment-thumbnail size-thumbnail\" alt=\"\" srcset=\"https:\/\/www.voceorgano.be\/wp-content\/uploads\/2018\/05\/08.-5586-d\u00e9crocher-les-registres-150x150.jpg 150w, https:\/\/www.voceorgano.be\/wp-content\/uploads\/2018\/05\/08.-5586-d\u00e9crocher-les-registres-570x570.jpg 570w, https:\/\/www.voceorgano.be\/wp-content\/uploads\/2018\/05\/08.-5586-d\u00e9crocher-les-registres-500x500.jpg 500w, https:\/\/www.voceorgano.be\/wp-content\/uploads\/2018\/05\/08.-5586-d\u00e9crocher-les-registres-1000x1000.jpg 1000w\" sizes=\"auto, (max-width: 150px) 100vw, 150px\" \/><\/a>\n\t\t\t<\/dt><\/dl><dl class='gallery-item'>\n\t\t\t<dt class='gallery-icon landscape'>\n\t\t\t\t<a href='https:\/\/www.voceorgano.be\/wp-content\/uploads\/2018\/05\/09.-5590-\u00e9lever-partie-superieure.jpg'><img loading=\"lazy\" decoding=\"async\" width=\"150\" height=\"150\" src=\"https:\/\/www.voceorgano.be\/wp-content\/uploads\/2018\/05\/09.-5590-\u00e9lever-partie-superieure-150x150.jpg\" class=\"attachment-thumbnail size-thumbnail\" alt=\"\" srcset=\"https:\/\/www.voceorgano.be\/wp-content\/uploads\/2018\/05\/09.-5590-\u00e9lever-partie-superieure-150x150.jpg 150w, https:\/\/www.voceorgano.be\/wp-content\/uploads\/2018\/05\/09.-5590-\u00e9lever-partie-superieure-570x570.jpg 570w, https:\/\/www.voceorgano.be\/wp-content\/uploads\/2018\/05\/09.-5590-\u00e9lever-partie-superieure-500x500.jpg 500w, https:\/\/www.voceorgano.be\/wp-content\/uploads\/2018\/05\/09.-5590-\u00e9lever-partie-superieure-1000x1000.jpg 1000w\" sizes=\"auto, (max-width: 150px) 100vw, 150px\" \/><\/a>\n\t\t\t<\/dt><\/dl><dl class='gallery-item'>\n\t\t\t<dt class='gallery-icon landscape'>\n\t\t\t\t<a href='https:\/\/www.voceorgano.be\/wp-content\/uploads\/2018\/05\/10.-5591-\u00e9lever-partie-superieure.jpg'><img loading=\"lazy\" decoding=\"async\" width=\"150\" height=\"150\" src=\"https:\/\/www.voceorgano.be\/wp-content\/uploads\/2018\/05\/10.-5591-\u00e9lever-partie-superieure-150x150.jpg\" class=\"attachment-thumbnail size-thumbnail\" alt=\"\" srcset=\"https:\/\/www.voceorgano.be\/wp-content\/uploads\/2018\/05\/10.-5591-\u00e9lever-partie-superieure-150x150.jpg 150w, https:\/\/www.voceorgano.be\/wp-content\/uploads\/2018\/05\/10.-5591-\u00e9lever-partie-superieure-570x570.jpg 570w, https:\/\/www.voceorgano.be\/wp-content\/uploads\/2018\/05\/10.-5591-\u00e9lever-partie-superieure-500x500.jpg 500w, https:\/\/www.voceorgano.be\/wp-content\/uploads\/2018\/05\/10.-5591-\u00e9lever-partie-superieure-1000x1000.jpg 1000w\" sizes=\"auto, (max-width: 150px) 100vw, 150px\" \/><\/a>\n\t\t\t<\/dt><\/dl><dl class='gallery-item'>\n\t\t\t<dt class='gallery-icon landscape'>\n\t\t\t\t<a href='https:\/\/www.voceorgano.be\/wp-content\/uploads\/2018\/05\/11.-5592-deposer-partie-m\u00e9diane-dans-la-caisse.jpg'><img loading=\"lazy\" decoding=\"async\" width=\"150\" height=\"150\" src=\"https:\/\/www.voceorgano.be\/wp-content\/uploads\/2018\/05\/11.-5592-deposer-partie-m\u00e9diane-dans-la-caisse-150x150.jpg\" class=\"attachment-thumbnail size-thumbnail\" alt=\"\" srcset=\"https:\/\/www.voceorgano.be\/wp-content\/uploads\/2018\/05\/11.-5592-deposer-partie-m\u00e9diane-dans-la-caisse-150x150.jpg 150w, https:\/\/www.voceorgano.be\/wp-content\/uploads\/2018\/05\/11.-5592-deposer-partie-m\u00e9diane-dans-la-caisse-570x570.jpg 570w, https:\/\/www.voceorgano.be\/wp-content\/uploads\/2018\/05\/11.-5592-deposer-partie-m\u00e9diane-dans-la-caisse-500x500.jpg 500w, https:\/\/www.voceorgano.be\/wp-content\/uploads\/2018\/05\/11.-5592-deposer-partie-m\u00e9diane-dans-la-caisse-1000x1000.jpg 1000w\" sizes=\"auto, (max-width: 150px) 100vw, 150px\" \/><\/a>\n\t\t\t<\/dt><\/dl><dl class='gallery-item'>\n\t\t\t<dt class='gallery-icon portrait'>\n\t\t\t\t<a href='https:\/\/www.voceorgano.be\/wp-content\/uploads\/2018\/05\/20.-5604-il-faut-emballer.jpg'><img loading=\"lazy\" decoding=\"async\" width=\"150\" height=\"150\" src=\"https:\/\/www.voceorgano.be\/wp-content\/uploads\/2018\/05\/20.-5604-il-faut-emballer-150x150.jpg\" class=\"attachment-thumbnail size-thumbnail\" alt=\"\" srcset=\"https:\/\/www.voceorgano.be\/wp-content\/uploads\/2018\/05\/20.-5604-il-faut-emballer-150x150.jpg 150w, https:\/\/www.voceorgano.be\/wp-content\/uploads\/2018\/05\/20.-5604-il-faut-emballer-570x570.jpg 570w, https:\/\/www.voceorgano.be\/wp-content\/uploads\/2018\/05\/20.-5604-il-faut-emballer-500x500.jpg 500w, https:\/\/www.voceorgano.be\/wp-content\/uploads\/2018\/05\/20.-5604-il-faut-emballer-1000x1000.jpg 1000w\" sizes=\"auto, (max-width: 150px) 100vw, 150px\" \/><\/a>\n\t\t\t<\/dt><\/dl><dl class='gallery-item'>\n\t\t\t<dt class='gallery-icon landscape'>\n\t\t\t\t<a href='https:\/\/www.voceorgano.be\/wp-content\/uploads\/2018\/05\/19.-5605-deposer-le-socle-dans-la-caisse.jpg'><img loading=\"lazy\" decoding=\"async\" width=\"150\" height=\"150\" src=\"https:\/\/www.voceorgano.be\/wp-content\/uploads\/2018\/05\/19.-5605-deposer-le-socle-dans-la-caisse-150x150.jpg\" class=\"attachment-thumbnail size-thumbnail\" alt=\"\" srcset=\"https:\/\/www.voceorgano.be\/wp-content\/uploads\/2018\/05\/19.-5605-deposer-le-socle-dans-la-caisse-150x150.jpg 150w, https:\/\/www.voceorgano.be\/wp-content\/uploads\/2018\/05\/19.-5605-deposer-le-socle-dans-la-caisse-570x570.jpg 570w, https:\/\/www.voceorgano.be\/wp-content\/uploads\/2018\/05\/19.-5605-deposer-le-socle-dans-la-caisse-500x500.jpg 500w, https:\/\/www.voceorgano.be\/wp-content\/uploads\/2018\/05\/19.-5605-deposer-le-socle-dans-la-caisse-1000x1000.jpg 1000w\" sizes=\"auto, (max-width: 150px) 100vw, 150px\" \/><\/a>\n\t\t\t<\/dt><\/dl><dl class='gallery-item'>\n\t\t\t<dt class='gallery-icon landscape'>\n\t\t\t\t<a href='https:\/\/www.voceorgano.be\/wp-content\/uploads\/2018\/05\/18.-5602-accrocher-le-socle.jpg'><img loading=\"lazy\" decoding=\"async\" width=\"150\" height=\"150\" src=\"https:\/\/www.voceorgano.be\/wp-content\/uploads\/2018\/05\/18.-5602-accrocher-le-socle-150x150.jpg\" class=\"attachment-thumbnail size-thumbnail\" alt=\"\" srcset=\"https:\/\/www.voceorgano.be\/wp-content\/uploads\/2018\/05\/18.-5602-accrocher-le-socle-150x150.jpg 150w, https:\/\/www.voceorgano.be\/wp-content\/uploads\/2018\/05\/18.-5602-accrocher-le-socle-570x570.jpg 570w, https:\/\/www.voceorgano.be\/wp-content\/uploads\/2018\/05\/18.-5602-accrocher-le-socle-500x500.jpg 500w, https:\/\/www.voceorgano.be\/wp-content\/uploads\/2018\/05\/18.-5602-accrocher-le-socle-1000x1000.jpg 1000w\" sizes=\"auto, (max-width: 150px) 100vw, 150px\" \/><\/a>\n\t\t\t<\/dt><\/dl><br style=\"clear: both\" \/><dl class='gallery-item'>\n\t\t\t<dt class='gallery-icon landscape'>\n\t\t\t\t<a href='https:\/\/www.voceorgano.be\/wp-content\/uploads\/2018\/05\/17.-5601-decrocher-partie-sup\u00e9rieure.jpg'><img loading=\"lazy\" decoding=\"async\" width=\"150\" height=\"150\" src=\"https:\/\/www.voceorgano.be\/wp-content\/uploads\/2018\/05\/17.-5601-decrocher-partie-sup\u00e9rieure-150x150.jpg\" class=\"attachment-thumbnail size-thumbnail\" alt=\"\" srcset=\"https:\/\/www.voceorgano.be\/wp-content\/uploads\/2018\/05\/17.-5601-decrocher-partie-sup\u00e9rieure-150x150.jpg 150w, https:\/\/www.voceorgano.be\/wp-content\/uploads\/2018\/05\/17.-5601-decrocher-partie-sup\u00e9rieure-570x570.jpg 570w, https:\/\/www.voceorgano.be\/wp-content\/uploads\/2018\/05\/17.-5601-decrocher-partie-sup\u00e9rieure-500x500.jpg 500w, https:\/\/www.voceorgano.be\/wp-content\/uploads\/2018\/05\/17.-5601-decrocher-partie-sup\u00e9rieure-1000x1000.jpg 1000w\" sizes=\"auto, (max-width: 150px) 100vw, 150px\" \/><\/a>\n\t\t\t<\/dt><\/dl><dl class='gallery-item'>\n\t\t\t<dt class='gallery-icon portrait'>\n\t\t\t\t<a href='https:\/\/www.voceorgano.be\/wp-content\/uploads\/2018\/05\/16.-5599-descendre-partie-superieure.jpg'><img loading=\"lazy\" decoding=\"async\" width=\"150\" height=\"150\" src=\"https:\/\/www.voceorgano.be\/wp-content\/uploads\/2018\/05\/16.-5599-descendre-partie-superieure-150x150.jpg\" class=\"attachment-thumbnail size-thumbnail\" alt=\"\" srcset=\"https:\/\/www.voceorgano.be\/wp-content\/uploads\/2018\/05\/16.-5599-descendre-partie-superieure-150x150.jpg 150w, https:\/\/www.voceorgano.be\/wp-content\/uploads\/2018\/05\/16.-5599-descendre-partie-superieure-570x570.jpg 570w, https:\/\/www.voceorgano.be\/wp-content\/uploads\/2018\/05\/16.-5599-descendre-partie-superieure-500x500.jpg 500w, https:\/\/www.voceorgano.be\/wp-content\/uploads\/2018\/05\/16.-5599-descendre-partie-superieure-1000x1000.jpg 1000w\" sizes=\"auto, (max-width: 150px) 100vw, 150px\" \/><\/a>\n\t\t\t<\/dt><\/dl><dl class='gallery-item'>\n\t\t\t<dt class='gallery-icon portrait'>\n\t\t\t\t<a href='https:\/\/www.voceorgano.be\/wp-content\/uploads\/2018\/05\/15.-5598-descendre-partie-superieure.jpg'><img loading=\"lazy\" decoding=\"async\" width=\"150\" height=\"150\" src=\"https:\/\/www.voceorgano.be\/wp-content\/uploads\/2018\/05\/15.-5598-descendre-partie-superieure-150x150.jpg\" class=\"attachment-thumbnail size-thumbnail\" alt=\"\" srcset=\"https:\/\/www.voceorgano.be\/wp-content\/uploads\/2018\/05\/15.-5598-descendre-partie-superieure-150x150.jpg 150w, https:\/\/www.voceorgano.be\/wp-content\/uploads\/2018\/05\/15.-5598-descendre-partie-superieure-570x570.jpg 570w, https:\/\/www.voceorgano.be\/wp-content\/uploads\/2018\/05\/15.-5598-descendre-partie-superieure-500x500.jpg 500w, https:\/\/www.voceorgano.be\/wp-content\/uploads\/2018\/05\/15.-5598-descendre-partie-superieure-1000x1000.jpg 1000w\" sizes=\"auto, (max-width: 150px) 100vw, 150px\" \/><\/a>\n\t\t\t<\/dt><\/dl><dl class='gallery-item'>\n\t\t\t<dt class='gallery-icon portrait'>\n\t\t\t\t<a href='https:\/\/www.voceorgano.be\/wp-content\/uploads\/2018\/05\/14.-5597-descendre-partie-superieure.jpg'><img loading=\"lazy\" decoding=\"async\" width=\"150\" height=\"150\" src=\"https:\/\/www.voceorgano.be\/wp-content\/uploads\/2018\/05\/14.-5597-descendre-partie-superieure-150x150.jpg\" class=\"attachment-thumbnail size-thumbnail\" alt=\"\" srcset=\"https:\/\/www.voceorgano.be\/wp-content\/uploads\/2018\/05\/14.-5597-descendre-partie-superieure-150x150.jpg 150w, https:\/\/www.voceorgano.be\/wp-content\/uploads\/2018\/05\/14.-5597-descendre-partie-superieure-570x570.jpg 570w, https:\/\/www.voceorgano.be\/wp-content\/uploads\/2018\/05\/14.-5597-descendre-partie-superieure-500x500.jpg 500w, https:\/\/www.voceorgano.be\/wp-content\/uploads\/2018\/05\/14.-5597-descendre-partie-superieure-1000x1000.jpg 1000w\" sizes=\"auto, (max-width: 150px) 100vw, 150px\" \/><\/a>\n\t\t\t<\/dt><\/dl><dl class='gallery-item'>\n\t\t\t<dt class='gallery-icon landscape'>\n\t\t\t\t<a href='https:\/\/www.voceorgano.be\/wp-content\/uploads\/2018\/05\/13.-5594-descendre-partie-superieure.jpg'><img loading=\"lazy\" decoding=\"async\" width=\"150\" height=\"150\" src=\"https:\/\/www.voceorgano.be\/wp-content\/uploads\/2018\/05\/13.-5594-descendre-partie-superieure-150x150.jpg\" class=\"attachment-thumbnail size-thumbnail\" alt=\"\" srcset=\"https:\/\/www.voceorgano.be\/wp-content\/uploads\/2018\/05\/13.-5594-descendre-partie-superieure-150x150.jpg 150w, https:\/\/www.voceorgano.be\/wp-content\/uploads\/2018\/05\/13.-5594-descendre-partie-superieure-570x570.jpg 570w, https:\/\/www.voceorgano.be\/wp-content\/uploads\/2018\/05\/13.-5594-descendre-partie-superieure-500x500.jpg 500w, https:\/\/www.voceorgano.be\/wp-content\/uploads\/2018\/05\/13.-5594-descendre-partie-superieure-1000x1000.jpg 1000w\" sizes=\"auto, (max-width: 150px) 100vw, 150px\" \/><\/a>\n\t\t\t<\/dt><\/dl><dl class='gallery-item'>\n\t\t\t<dt class='gallery-icon landscape'>\n\t\t\t\t<a href='https:\/\/www.voceorgano.be\/wp-content\/uploads\/2018\/05\/12.-5593-reculer-le-socle.jpg'><img loading=\"lazy\" decoding=\"async\" width=\"150\" height=\"150\" src=\"https:\/\/www.voceorgano.be\/wp-content\/uploads\/2018\/05\/12.-5593-reculer-le-socle-150x150.jpg\" class=\"attachment-thumbnail size-thumbnail\" alt=\"\" srcset=\"https:\/\/www.voceorgano.be\/wp-content\/uploads\/2018\/05\/12.-5593-reculer-le-socle-150x150.jpg 150w, https:\/\/www.voceorgano.be\/wp-content\/uploads\/2018\/05\/12.-5593-reculer-le-socle-570x570.jpg 570w, https:\/\/www.voceorgano.be\/wp-content\/uploads\/2018\/05\/12.-5593-reculer-le-socle-500x500.jpg 500w, https:\/\/www.voceorgano.be\/wp-content\/uploads\/2018\/05\/12.-5593-reculer-le-socle-1000x1000.jpg 1000w\" sizes=\"auto, (max-width: 150px) 100vw, 150px\" \/><\/a>\n\t\t\t<\/dt><\/dl><dl class='gallery-item'>\n\t\t\t<dt class='gallery-icon landscape'>\n\t\t\t\t<a href='https:\/\/www.voceorgano.be\/wp-content\/uploads\/2018\/05\/22.-5606-lorgue-pret-a-partir.jpg'><img loading=\"lazy\" decoding=\"async\" width=\"150\" height=\"150\" src=\"https:\/\/www.voceorgano.be\/wp-content\/uploads\/2018\/05\/22.-5606-lorgue-pret-a-partir-150x150.jpg\" class=\"attachment-thumbnail size-thumbnail\" alt=\"\" srcset=\"https:\/\/www.voceorgano.be\/wp-content\/uploads\/2018\/05\/22.-5606-lorgue-pret-a-partir-150x150.jpg 150w, https:\/\/www.voceorgano.be\/wp-content\/uploads\/2018\/05\/22.-5606-lorgue-pret-a-partir-570x570.jpg 570w, https:\/\/www.voceorgano.be\/wp-content\/uploads\/2018\/05\/22.-5606-lorgue-pret-a-partir-500x500.jpg 500w, https:\/\/www.voceorgano.be\/wp-content\/uploads\/2018\/05\/22.-5606-lorgue-pret-a-partir-1000x1000.jpg 1000w\" sizes=\"auto, (max-width: 150px) 100vw, 150px\" \/><\/a>\n\t\t\t<\/dt><\/dl><br style=\"clear: both\" \/><dl class='gallery-item'>\n\t\t\t<dt class='gallery-icon portrait'>\n\t\t\t\t<a href='https:\/\/www.voceorgano.be\/wp-content\/uploads\/2018\/05\/21.-5603-partie-mediane-emballee.jpg'><img loading=\"lazy\" decoding=\"async\" width=\"150\" height=\"150\" src=\"https:\/\/www.voceorgano.be\/wp-content\/uploads\/2018\/05\/21.-5603-partie-mediane-emballee-150x150.jpg\" class=\"attachment-thumbnail size-thumbnail\" alt=\"\" srcset=\"https:\/\/www.voceorgano.be\/wp-content\/uploads\/2018\/05\/21.-5603-partie-mediane-emballee-150x150.jpg 150w, https:\/\/www.voceorgano.be\/wp-content\/uploads\/2018\/05\/21.-5603-partie-mediane-emballee-570x570.jpg 570w, https:\/\/www.voceorgano.be\/wp-content\/uploads\/2018\/05\/21.-5603-partie-mediane-emballee-500x500.jpg 500w, https:\/\/www.voceorgano.be\/wp-content\/uploads\/2018\/05\/21.-5603-partie-mediane-emballee-1000x1000.jpg 1000w\" sizes=\"auto, (max-width: 150px) 100vw, 150px\" \/><\/a>\n\t\t\t<\/dt><\/dl>\n\t\t\t<br style='clear: both' \/>\n\t\t<\/div>\n\n<p>[\/vc_column_text][vc_empty_space][\/vc_column][\/vc_row][vc_row css_animation=&#8221;&#8221; row_type=&#8221;row&#8221; use_row_as_full_screen_section=&#8221;no&#8221; type=&#8221;full_width&#8221; angled_section=&#8221;no&#8221; text_align=&#8221;left&#8221; background_image_as_pattern=&#8221;without_pattern&#8221;][vc_column][\/vc_column][\/vc_row]<\/p>\n<\/div>","protected":false},"excerpt":{"rendered":"<p>[vc_row row_type=&#8221;parallax&#8221; parallax_content_width=&#8221;in_grid&#8221; text_align=&#8221;left&#8221; background_image=&#8221;967&#8243; full_screen_section_height=&#8221;no&#8221; section_height=&#8221;500&#8243;][vc_column][\/vc_column][\/vc_row][vc_row css_animation=&#8221;&#8221; row_type=&#8221;row&#8221; use_row_as_full_screen_section=&#8221;no&#8221; type=&#8221;grid&#8221; angled_section=&#8221;no&#8221; text_align=&#8221;left&#8221; background_image_as_pattern=&#8221;without_pattern&#8221; z_index=&#8221;&#8221;][vc_column][vc_empty_space][vc_column_text] Demontage en transport [\/vc_column_text][vc_empty_space][vc_column_text] Video [\/vc_column_text][vc_empty_space height=&#8221;12px&#8221;][vc_column_text] [\/vc_column_text][vc_empty_space][vc_column_text] Fotos [\/vc_column_text][vc_empty_space height=&#8221;12px&#8221;][vc_column_text] [\/vc_column_text][vc_empty_space][\/vc_column][\/vc_row][vc_row css_animation=&#8221;&#8221; row_type=&#8221;row&#8221; use_row_as_full_screen_section=&#8221;no&#8221; type=&#8221;full_width&#8221; angled_section=&#8221;no&#8221; text_align=&#8221;left&#8221; background_image_as_pattern=&#8221;without_pattern&#8221;][vc_column][\/vc_column][\/vc_row]<\/p>\n","protected":false},"author":1,"featured_media":0,"parent":0,"menu_order":0,"comment_status":"closed","ping_status":"closed","template":"full_width.php","meta":{"footnotes":""},"class_list":["post-1611","page","type-page","status-publish","hentry"],"_links":{"self":[{"href":"https:\/\/www.voceorgano.be\/nl\/wp-json\/wp\/v2\/pages\/1611","targetHints":{"allow":["GET"]}}],"collection":[{"href":"https:\/\/www.voceorgano.be\/nl\/wp-json\/wp\/v2\/pages"}],"about":[{"href":"https:\/\/www.voceorgano.be\/nl\/wp-json\/wp\/v2\/types\/page"}],"author":[{"embeddable":true,"href":"https:\/\/www.voceorgano.be\/nl\/wp-json\/wp\/v2\/users\/1"}],"replies":[{"embeddable":true,"href":"https:\/\/www.voceorgano.be\/nl\/wp-json\/wp\/v2\/comments?post=1611"}],"version-history":[{"count":2,"href":"https:\/\/www.voceorgano.be\/nl\/wp-json\/wp\/v2\/pages\/1611\/revisions"}],"predecessor-version":[{"id":1613,"href":"https:\/\/www.voceorgano.be\/nl\/wp-json\/wp\/v2\/pages\/1611\/revisions\/1613"}],"wp:attachment":[{"href":"https:\/\/www.voceorgano.be\/nl\/wp-json\/wp\/v2\/media?parent=1611"}],"curies":[{"name":"wp","href":"https:\/\/api.w.org\/{rel}","templated":true}]}}